{"id":1404,"date":"2021-07-27T10:51:35","date_gmt":"2021-09-13T12:52:28","guid":{"rendered":"https:\/\/ozonos-suisse.ch\/product\/lampada-hailey-plus\/"},"modified":"2021-09-13T14:52:30","modified_gmt":"2021-09-13T12:52:30","slug":"lampada-hailey-plus","status":"publish","type":"product","link":"https:\/\/ozonos-suisse.ch\/it\/prodotto\/lampada-hailey-plus\/","title":{"rendered":"Lampada Hailey Plus"},"content":{"rendered":"<p><!--block--><strong>Lampada con OZONOS AC-1 PLUS integrato<\/strong><\/p>\n<p><strong>Ambito di consegna<\/strong><br \/>\n1x lampada da terra con striscia LED e interruttore a pedale,<br \/>\n1x OZONOS AC-1 PLUS integrato<br \/>\n1x telecomando,<br \/>\n1x istruzioni di installazione<\/p>\n<p><strong>Informazioni sul prodotto<\/strong><br \/>\nDiametro 600mm, altezza 1740mm, peso 20kg, LED (24V\/230V, 54 W, 4950lm, 2700K, CRI 90), driver incluso Europlug, interruttore a pedale, base del treppiede verniciata a polvere nera, copertura interna acrilica bianca satinata.<\/p>\n<p>OZONOS AC-I PLUS e AC-I PRO non sono progettati per un uso 24\/7 dove le persone sono permanentemente nella stessa stanza. Qui si raccomanda di non rimanere nella stanza per pi\u00f9 di 8 ore continue quando l&#8217;unit\u00e0 \u00e8 in funzione. OZONOS AC-I PLUS e AC-I PRO sono particolarmente adatti per l&#8217;uso professionale e per una pulizia pi\u00f9 rapida e intensa.<\/p>\n","protected":false},"excerpt":{"rendered":"<p>La prima lampada da terra ad aria fresca ha tutto il necessario per eliminare odori, virus, germi e batteri: un OZONOS AC-1 PLUS all&#8217;interno del paralume, una funzione semplice e un design innovativo e moderno.<\/p>\n","protected":false},"featured_media":277,"template":"","meta":{"_acf_changed":false,"inline_featured_image":false,"wds_primary_product_brand":0,"wds_primary_product_cat":0},"product_brand":[],"product_cat":[42],"product_tag":[],"class_list":{"0":"post-1404","1":"product","2":"type-product","3":"status-publish","4":"has-post-thumbnail","6":"product_cat-lampada","7":"sales-flash-overlay","8":"woocommerce-text-align-center","9":"woocommerce-image-align-center","10":"do-quantity-buttons","12":"first","13":"instock","14":"taxable","15":"shipping-taxable","16":"purchasable","17":"product-type-variable"},"acf":[],"_links":{"self":[{"href":"https:\/\/ozonos-suisse.ch\/it\/wp-json\/wp\/v2\/product\/1404","targetHints":{"allow":["GET"]}}],"collection":[{"href":"https:\/\/ozonos-suisse.ch\/it\/wp-json\/wp\/v2\/product"}],"about":[{"href":"https:\/\/ozonos-suisse.ch\/it\/wp-json\/wp\/v2\/types\/product"}],"wp:featuredmedia":[{"embeddable":true,"href":"https:\/\/ozonos-suisse.ch\/it\/wp-json\/wp\/v2\/media\/277"}],"wp:attachment":[{"href":"https:\/\/ozonos-suisse.ch\/it\/wp-json\/wp\/v2\/media?parent=1404"}],"wp:term":[{"taxonomy":"product_brand","embeddable":true,"href":"https:\/\/ozonos-suisse.ch\/it\/wp-json\/wp\/v2\/product_brand?post=1404"},{"taxonomy":"product_cat","embeddable":true,"href":"https:\/\/ozonos-suisse.ch\/it\/wp-json\/wp\/v2\/product_cat?post=1404"},{"taxonomy":"product_tag","embeddable":true,"href":"https:\/\/ozonos-suisse.ch\/it\/wp-json\/wp\/v2\/product_tag?post=1404"}],"curies":[{"name":"wp","href":"https:\/\/api.w.org\/{rel}","templated":true}]}}