{"id":1366,"date":"2021-07-26T15:36:05","date_gmt":"2021-09-09T07:38:49","guid":{"rendered":"https:\/\/ozonos-suisse.ch\/product\/ozonos-ac-i-plus-aircleaner\/"},"modified":"2021-09-14T12:15:58","modified_gmt":"2021-09-14T10:15:58","slug":"ozonos-ac-i-plus-aircleaner","status":"publish","type":"product","link":"https:\/\/ozonos-suisse.ch\/it\/prodotto\/ozonos-ac-i-plus-aircleaner\/","title":{"rendered":"OZONOS AC-I Plus Aircleaner"},"content":{"rendered":"<h3><!--block-->OZONOS AC-1 PLUS<\/h3>\n<p><!--block--><em>verniciato a polvere<\/em><\/p>\n<p><!--block--><br \/>\n<strong>Ambito di consegna<br \/>\n<\/strong>1x OZONOS AC-I, 1x piede di montaggio,<br \/>\n1x telecomando, 1x istruzioni di montaggio,<br \/>\n1x cavo di alimentazione<br \/>\n<!--block--><strong>Informazioni sul prodotto<br \/>\n<\/strong>Dimensioni: L=400mm, D=130mm<br \/>\nPotenz in ingresso: 14 Watt<br \/>\nPeso: 2.7kg<br \/>\nSpina: CEE 7\/7 mit Fixadapter<br \/>\nRivestimento UV: 25%<br \/>\nConcentrazione di ozono: 0.115ppm<\/p>\n<p>OZONOS AC-I PLUS e AC-I PRO non sono progettati per un uso 24\/7 dove le persone sono permanentemente nella stessa stanza. Qui si raccomanda di non rimanere nella stanza per pi\u00f9 di 8 ore continue quando l&#8217;unit\u00e0 \u00e8 in funzione. OZONOS AC-I PLUS e AC-I PRO sono particolarmente adatti per l&#8217;uso professionale e per una pulizia pi\u00f9 rapida e intensa.<\/p>\n","protected":false},"excerpt":{"rendered":"<p><strong>L&#8217;aspiratore mobile<br \/>\n<\/strong><em>Per una pulizia rapida e intensiva della stanza<br \/>\n<\/em>Odori pesanti e forti | alta carica di batteri, virus o germi | per l&#8217;uso in grandi stanze, cucine, essiccatoi o celle frigorifere.<\/p>\n","protected":false},"featured_media":1058,"template":"","meta":{"_acf_changed":false,"inline_featured_image":false,"wds_primary_product_brand":0,"wds_primary_product_cat":0},"product_brand":[],"product_cat":[37],"product_tag":[],"class_list":{"0":"post-1366","1":"product","2":"type-product","3":"status-publish","4":"has-post-thumbnail","6":"product_cat-aircleaner-it","7":"sales-flash-overlay","8":"woocommerce-text-align-center","9":"woocommerce-image-align-center","10":"do-quantity-buttons","12":"first","13":"instock","14":"taxable","15":"shipping-taxable","16":"purchasable","17":"product-type-variable"},"acf":[],"_links":{"self":[{"href":"https:\/\/ozonos-suisse.ch\/it\/wp-json\/wp\/v2\/product\/1366","targetHints":{"allow":["GET"]}}],"collection":[{"href":"https:\/\/ozonos-suisse.ch\/it\/wp-json\/wp\/v2\/product"}],"about":[{"href":"https:\/\/ozonos-suisse.ch\/it\/wp-json\/wp\/v2\/types\/product"}],"wp:featuredmedia":[{"embeddable":true,"href":"https:\/\/ozonos-suisse.ch\/it\/wp-json\/wp\/v2\/media\/1058"}],"wp:attachment":[{"href":"https:\/\/ozonos-suisse.ch\/it\/wp-json\/wp\/v2\/media?parent=1366"}],"wp:term":[{"taxonomy":"product_brand","embeddable":true,"href":"https:\/\/ozonos-suisse.ch\/it\/wp-json\/wp\/v2\/product_brand?post=1366"},{"taxonomy":"product_cat","embeddable":true,"href":"https:\/\/ozonos-suisse.ch\/it\/wp-json\/wp\/v2\/product_cat?post=1366"},{"taxonomy":"product_tag","embeddable":true,"href":"https:\/\/ozonos-suisse.ch\/it\/wp-json\/wp\/v2\/product_tag?post=1366"}],"curies":[{"name":"wp","href":"https:\/\/api.w.org\/{rel}","templated":true}]}}