{"id":1872,"date":"2024-03-01T10:34:09","date_gmt":"2024-03-01T09:34:09","guid":{"rendered":"https:\/\/ozonos-suisse.ch\/politica-di-cancellazione\/"},"modified":"2024-03-01T10:34:14","modified_gmt":"2024-03-01T09:34:14","slug":"politica-di-cancellazione","status":"publish","type":"page","link":"https:\/\/ozonos-suisse.ch\/it\/politica-di-cancellazione\/","title":{"rendered":"Politica di cancellazione"},"content":{"rendered":"<div class=\"gb-container gb-container-eff064d6\"><div class=\"gb-inside-container\">\n\n<h2 class=\"leagl-title regular-font wp-block-heading\" style=\"font-size:64px\">Politica di cancellazione<\/h2>\n\n\n\n<h4 class=\"wp-block-heading\"><strong><strong>1. Diritto di cancellazione<\/strong><\/strong><\/h4>\n\n\n\n<p>Il cliente ha il diritto di recedere dal contratto entro quattordici giorni senza fornire alcuna motivazione.<\/p>\n\n\n\n<h4 class=\"wp-block-heading\"><strong><strong>2. Periodo di cancellazione<\/strong><\/strong><\/h4>\n\n\n\n<p>Il termine di cancellazione \u00e8 di quattordici giorni dal giorno in cui il cliente o un terzo da lui nominato, che non sia il vettore, ha preso possesso della merce.<\/p>\n\n\n\n<h4 class=\"wp-block-heading\"><strong><strong>3. Adresse<\/strong><\/strong><\/h4>\n\n\n\n<p>Per esercitare il diritto di recesso, l&#8217;utente deve informare la societ\u00e0 (OZONOS Schweiz GmbH, Kirchstrasse 5, 8104 Weiningen, Svizzera, Tel.: 044.531.00.21, E-Mail: frischluft@ozonos.ch) della sua decisione di recedere dal presente contratto mediante una dichiarazione chiara (ad esempio una lettera inviata per posta o un&#8217;e-mail). \u00c8 possibile utilizzare il modulo di cancellazione allegato, ma non \u00e8 obbligatorio.<\/p>\n\n\n\n<h4 class=\"wp-block-heading\"><strong>4. Rispetto della scadenza<\/strong><\/h4>\n\n\n\n<p>Per rispettare il termine di cancellazione, \u00e8 sufficiente che il cliente invii la notifica di esercizio del diritto di cancellazione prima della scadenza del periodo di cancellazione.<\/p>\n\n\n\n<h4 class=\"wp-block-heading\"><strong>5. Conseguenze della cancellazione<\/strong><\/h4>\n\n\n\n<p>Se Lei recede dal presente contratto, Le rimborseremo tutti i pagamenti da Lei ricevuti, compresi i costi di consegna (ad eccezione dei costi supplementari derivanti dalla Sua scelta di un tipo di consegna diverso dal tipo meno costoso di consegna standard da noi offerto), senza indebito ritardo e in ogni caso non oltre 14 giorni dal giorno in cui siamo informati della Sua decisione di recedere dal presente contratto. Per questo rimborso, utilizzeremo lo stesso mezzo di pagamento che avete utilizzato per la transazione originale, a meno che non sia stato espressamente concordato diversamente con voi; in nessun caso vi sar\u00e0 addebitato alcun costo per questo rimborso.<\/p>\n\n\n\n<h4 class=\"wp-block-heading\"><strong>6. Diritto di ritenzione<\/strong><\/h4>\n\n\n\n<p>Potremmo rifiutarci di rimborsare il cliente fino a quando non avremo ricevuto la merce o fino a quando il cliente non avr\u00e0 fornito la prova di averla restituita, a seconda di quale dei due casi si verifichi per primo.<\/p>\n\n\n\n<h4 class=\"wp-block-heading\"><strong>7. Restituzione della merce<\/strong><\/h4>\n\n\n\n<p>Dovete restituire o consegnare la merce a noi immediatamente e in ogni caso entro quattordici giorni al massimo dal giorno in cui ci avete informato della cancellazione del presente contratto. Il termine \u00e8 rispettato se la merce viene spedita prima della scadenza del periodo di quattordici giorni.<\/p>\n\n\n\n<h4 class=\"wp-block-heading\"><strong>8. Costi di ritorno<\/strong><\/h4>\n\n\n\n<p>I costi diretti della restituzione della merce sono a carico del cliente.<\/p>\n\n\n\n<h4 class=\"wp-block-heading\"><strong>9. Indennit\u00e0 per perdita di valore nei contratti di fornitura di beni<\/strong><\/h4>\n\n\n\n<p>Il cliente \u00e8 tenuto a pagare l&#8217;eventuale perdita di valore della merce solo se tale perdita di valore \u00e8 dovuta a una manipolazione della merce non necessaria per verificarne lo stato, le propriet\u00e0 e la funzionalit\u00e0.<\/p>\n\n\n\n<h4 class=\"wp-block-heading\"><strong>Modulo di cancellazione<\/strong><\/h4>\n\n\n\n<p>Se si desidera annullare il contratto, si prega di compilare e restituire il presente modulo.<br\/>A [qui il nome, l&#8217;indirizzo e, se del caso, il numero di fax e l&#8217;indirizzo e-mail dell&#8217;imprenditore devono essere inseriti dall&#8217;imprenditore]:<br\/>Con la presente io\/noi (1) revochiamo il contratto concluso da me\/noi (1) per l&#8217;acquisto dei seguenti beni (1)\/la fornitura del seguente servizio (1), Ordinato il (1)\/ricevuto il (1), Nome del\/dei consumatore\/i, Indirizzo del\/dei consumatore\/i, Firma del\/dei consumatore\/i (solo per la notifica su carta), Data<br\/>(1) Cancellare la dicitura non pertinente.<\/p>\n\n<\/div><\/div>","protected":false},"excerpt":{"rendered":"<p>Politica di cancellazione 1. Diritto di cancellazione Il cliente ha il diritto di recedere dal contratto entro quattordici giorni senza fornire alcuna motivazione. 2. Periodo di cancellazione Il termine di cancellazione \u00e8 di quattordici giorni dal giorno in cui il cliente o un terzo da lui nominato, che non sia il vettore, ha preso possesso &#8230; <a title=\"Politica di cancellazione\" class=\"read-more\" href=\"https:\/\/ozonos-suisse.ch\/it\/politica-di-cancellazione\/\" aria-label=\"Per saperne di pi\u00f9 su Politica di cancellazione\">Leggi tutto<\/a><\/p>\n","protected":false},"author":1,"featured_media":0,"parent":0,"menu_order":0,"comment_status":"closed","ping_status":"closed","template":"","meta":{"_acf_changed":false,"inline_featured_image":false,"footnotes":""},"class_list":["post-1872","page","type-page","status-publish"],"acf":[],"_links":{"self":[{"href":"https:\/\/ozonos-suisse.ch\/it\/wp-json\/wp\/v2\/pages\/1872","targetHints":{"allow":["GET"]}}],"collection":[{"href":"https:\/\/ozonos-suisse.ch\/it\/wp-json\/wp\/v2\/pages"}],"about":[{"href":"https:\/\/ozonos-suisse.ch\/it\/wp-json\/wp\/v2\/types\/page"}],"author":[{"embeddable":true,"href":"https:\/\/ozonos-suisse.ch\/it\/wp-json\/wp\/v2\/users\/1"}],"replies":[{"embeddable":true,"href":"https:\/\/ozonos-suisse.ch\/it\/wp-json\/wp\/v2\/comments?post=1872"}],"version-history":[{"count":1,"href":"https:\/\/ozonos-suisse.ch\/it\/wp-json\/wp\/v2\/pages\/1872\/revisions"}],"predecessor-version":[{"id":1873,"href":"https:\/\/ozonos-suisse.ch\/it\/wp-json\/wp\/v2\/pages\/1872\/revisions\/1873"}],"wp:attachment":[{"href":"https:\/\/ozonos-suisse.ch\/it\/wp-json\/wp\/v2\/media?parent=1872"}],"curies":[{"name":"wp","href":"https:\/\/api.w.org\/{rel}","templated":true}]}}