{"id":1833,"date":"2024-03-01T09:14:35","date_gmt":"2024-03-01T08:14:35","guid":{"rendered":"https:\/\/ozonos-suisse.ch\/rapporti-di-prova\/"},"modified":"2024-03-01T09:21:47","modified_gmt":"2024-03-01T08:21:47","slug":"rapporti-di-prova","status":"publish","type":"page","link":"https:\/\/ozonos-suisse.ch\/it\/rapporti-di-prova\/","title":{"rendered":"Rapporti di prova"},"content":{"rendered":"<div class=\"gb-container gb-container-be831e69\"><div class=\"gb-inside-container\"><\/div><\/div><div class=\"gb-container gb-container-8a85af5d\"><div class=\"gb-inside-container\">\n\n<h1 class=\"gb-headline gb-headline-d1df92e5 gb-headline-text regular-font\">TEST E CERTIFICATI<\/h1>\n\n<\/div><\/div><div class=\"gb-container gb-container-28f03e92\"><div class=\"gb-inside-container\">\n\n<hr class=\"wp-block-separator has-text-color has-background is-style-default no-margin-hr\" style=\"background-color:#5d8eb2;color:#5d8eb2\"\/>\n\n\n<div class=\"gb-grid-wrapper gb-grid-wrapper-bc3094de\">\n<div class=\"gb-grid-column gb-grid-column-7365f0a1\"><div class=\"gb-container gb-container-7365f0a1\"><div class=\"gb-inside-container\">\n\n<figure class=\"wp-block-image size-full\"><img loading=\"lazy\" decoding=\"async\" width=\"436\" height=\"199\" src=\"https:\/\/ozonos-suisse.ch\/wp-content\/uploads\/\/2021\/08\/image-thumbnail-5034846ade77e4fea9f23569b038537c.svg\" alt=\"\" class=\"wp-image-615\"\/><\/figure>\n\n<\/div><\/div><\/div>\n\n<div class=\"gb-grid-column gb-grid-column-81263bc9\"><div class=\"gb-container gb-container-81263bc9\"><div class=\"gb-inside-container\">\n\n<h2 class=\"gb-headline gb-headline-87e06afd gb-headline-text regular-font\">Rapporto di prova HygCen Germany GmbH | Efficacia contro i coronavirus<\/h2>\n\n\n\n<p>I test condotti dall&#8217;istituto indipendente accreditato HygCen Germany GmbH all&#8217;inizio del 2020 hanno dimostrato che OZONOS AC-I PRO elimina oltre il 92% delle superfici. Oltre alla relazione di revisione completa, questo documento contiene spiegazioni e un parere di esperti.<\/p>\n\n\n<div class=\"gb-button-wrapper gb-button-wrapper-9a0162cf\">\n\n<a class=\"gb-button gb-button-7ebf9d3f gb-button-text bold-font\" href=\"\/wp-content\/uploads\/2021\/08\/OZONOS-Wirksamkeit-gegen-Coronaviren-Pruefbericht-und-Erklaerungen.pdf\" target=\"_blank\" rel=\"noopener noreferrer\">Download<\/a>\n\n<\/div>\n<\/div><\/div><\/div>\n<\/div>\n\n\n<hr class=\"wp-block-separator has-text-color has-background is-style-default\" style=\"background-color:#5d8eb2;color:#5d8eb2\"\/>\n\n<\/div><\/div><div class=\"gb-container gb-container-ce815ca2\"><div class=\"gb-inside-container\">\n\n<hr class=\"wp-block-separator has-text-color has-background is-style-default no-margin-hr\" style=\"background-color:#5d8eb2;color:#5d8eb2\"\/>\n\n\n<div class=\"gb-grid-wrapper gb-grid-wrapper-967e5d8f\">\n<div class=\"gb-grid-column gb-grid-column-270fe9f7\"><div class=\"gb-container gb-container-270fe9f7\"><div class=\"gb-inside-container\">\n\n<figure class=\"wp-block-image size-large\"><img loading=\"lazy\" decoding=\"async\" width=\"421\" height=\"328\" src=\"https:\/\/ozonos-suisse.ch\/wp-content\/uploads\/\/2021\/08\/image-thumbnail-9650d5a4c094b3e4d9446b1b6103312b.svg\" alt=\"\" class=\"wp-image-623\"\/><\/figure>\n\n<\/div><\/div><\/div>\n\n<div class=\"gb-grid-column gb-grid-column-65c2d995\"><div class=\"gb-container gb-container-65c2d995\"><div class=\"gb-inside-container\">\n\n<h2 class=\"gb-headline gb-headline-dcd9a6a2 gb-headline-text regular-font\">Rapporto di prova OFI Technologie &amp; Innovation GmbH | Efficacia contro gli allergeni<\/h2>\n\n\n\n<p>OFI Technologie &amp; Innovation GmbH conferma: OZONOS elimina gli allergeni in breve tempo. \u00c8 stata testata l&#8217;efficacia contro gli allergeni del pelo di gatto e del polline di betulla.<\/p>\n\n\n<div class=\"gb-button-wrapper gb-button-wrapper-9ad2b511\">\n\n<a class=\"gb-button gb-button-457a44f2 gb-button-text bold-font\" href=\"\/wp-content\/uploads\/2021\/08\/2021_Pruefbericht_OFI_Wirksamkeit_Allergene.pdf\" target=\"_blank\" rel=\"noopener noreferrer\">Download<\/a>\n\n<\/div>\n<\/div><\/div><\/div>\n<\/div>\n\n\n<hr class=\"wp-block-separator has-text-color has-background is-style-default\" style=\"background-color:#5d8eb2;color:#5d8eb2\"\/>\n\n<\/div><\/div><div class=\"gb-container gb-container-14b4b53b\"><div class=\"gb-inside-container\">\n\n<hr class=\"wp-block-separator has-text-color has-background is-style-default no-margin-hr\" style=\"background-color:#5d8eb2;color:#5d8eb2\"\/>\n\n\n<div class=\"gb-grid-wrapper gb-grid-wrapper-1280ce1b\">\n<div class=\"gb-grid-column gb-grid-column-45a1a334\"><div class=\"gb-container gb-container-45a1a334\"><div class=\"gb-inside-container\">\n\n<figure class=\"wp-block-image size-large\"><img loading=\"lazy\" decoding=\"async\" width=\"436\" height=\"126\" src=\"https:\/\/ozonos-suisse.ch\/wp-content\/uploads\/\/2021\/08\/image-thumbnail-262beb053b19dacb499c9f58f9eb8500.svg\" alt=\"\" class=\"wp-image-627\"\/><\/figure>\n\n<\/div><\/div><\/div>\n\n<div class=\"gb-grid-column gb-grid-column-a5d191d2\"><div class=\"gb-container gb-container-a5d191d2\"><div class=\"gb-inside-container\">\n\n<h2 class=\"gb-headline gb-headline-09e1b98e gb-headline-text regular-font\">Rapporto di prova T\u00dcV S\u00dcD<\/h2>\n\n\n\n<p>Il depuratore d&#8217;aria AC-1 di OZONOS \u00e8 stato certificato e approvato dal T\u00dcV S\u00dcD tramite il nostro produttore &#8220;Digital Elektronik GmbH&#8221;. L&#8217;innocuit\u00e0 per l&#8217;uomo e gli animali \u00e8 stata confermata: nessun utilizzo di sostanze chimiche, formazione di ozono al di sotto della concentrazione naturale, nessuna formazione di sottoprodotti nocivi e molto altro ancora.<\/p>\n\n\n<div class=\"gb-button-wrapper gb-button-wrapper-476ab2ab\">\n\n<a class=\"gb-button gb-button-a9e8a374 gb-button-text bold-font\" href=\"\/wp-content\/uploads\/2021\/08\/OZONOS_AC-I_TUEV_Zertifikat_Pruefbericht.pdf\" target=\"_blank\" rel=\"noopener noreferrer\">Download<\/a>\n\n<\/div>\n<\/div><\/div><\/div>\n<\/div>\n\n\n<hr class=\"wp-block-separator has-text-color has-background is-style-default\" style=\"background-color:#5d8eb2;color:#5d8eb2\"\/>\n\n<\/div><\/div><div class=\"gb-container gb-container-d5690eba\"><div class=\"gb-inside-container\">\n\n<hr class=\"wp-block-separator has-text-color has-background is-style-default no-margin-hr\" style=\"background-color:#5d8eb2;color:#5d8eb2\"\/>\n\n\n<div class=\"gb-grid-wrapper gb-grid-wrapper-f1086306\">\n<div class=\"gb-grid-column gb-grid-column-c3a003ea\"><div class=\"gb-container gb-container-c3a003ea\"><div class=\"gb-inside-container\">\n\n<figure class=\"wp-block-image size-large\"><img loading=\"lazy\" decoding=\"async\" width=\"402\" height=\"281\" src=\"https:\/\/ozonos-suisse.ch\/wp-content\/uploads\/\/2021\/08\/image-thumbnail-a9f87df86192ac14a47e187b465b1cfa.svg\" alt=\"\" class=\"wp-image-630\"\/><\/figure>\n\n<\/div><\/div><\/div>\n\n<div class=\"gb-grid-column gb-grid-column-aad00b57\"><div class=\"gb-container gb-container-aad00b57\"><div class=\"gb-inside-container\">\n\n<h2 class=\"gb-headline gb-headline-68770f4a gb-headline-text regular-font\">Dichiarazione di conformit\u00e0 CE<br><\/h2>\n\n\n<div class=\"gb-button-wrapper gb-button-wrapper-de569fb4\">\n\n<a class=\"gb-button gb-button-b9881730 gb-button-text bold-font\" href=\"\/wp-content\/uploads\/2021\/08\/2017_OZONOS_CE_Konformitaetserklaerung_AC-I_PLUS_PRO.pdf\" target=\"_blank\" rel=\"noopener noreferrer\">Download<\/a>\n\n<\/div>\n<\/div><\/div><\/div>\n<\/div>\n\n\n<hr class=\"wp-block-separator has-text-color has-background is-style-default\" style=\"background-color:#5d8eb2;color:#5d8eb2\"\/>\n\n<\/div><\/div>\n<p><\/p>\n","protected":false},"excerpt":{"rendered":"<p>TEST E CERTIFICATI<\/p>\n","protected":false},"author":1,"featured_media":0,"parent":0,"menu_order":0,"comment_status":"closed","ping_status":"closed","template":"","meta":{"_acf_changed":false,"inline_featured_image":false,"footnotes":""},"class_list":["post-1833","page","type-page","status-publish"],"acf":[],"_links":{"self":[{"href":"https:\/\/ozonos-suisse.ch\/it\/wp-json\/wp\/v2\/pages\/1833","targetHints":{"allow":["GET"]}}],"collection":[{"href":"https:\/\/ozonos-suisse.ch\/it\/wp-json\/wp\/v2\/pages"}],"about":[{"href":"https:\/\/ozonos-suisse.ch\/it\/wp-json\/wp\/v2\/types\/page"}],"author":[{"embeddable":true,"href":"https:\/\/ozonos-suisse.ch\/it\/wp-json\/wp\/v2\/users\/1"}],"replies":[{"embeddable":true,"href":"https:\/\/ozonos-suisse.ch\/it\/wp-json\/wp\/v2\/comments?post=1833"}],"version-history":[{"count":3,"href":"https:\/\/ozonos-suisse.ch\/it\/wp-json\/wp\/v2\/pages\/1833\/revisions"}],"predecessor-version":[{"id":1840,"href":"https:\/\/ozonos-suisse.ch\/it\/wp-json\/wp\/v2\/pages\/1833\/revisions\/1840"}],"wp:attachment":[{"href":"https:\/\/ozonos-suisse.ch\/it\/wp-json\/wp\/v2\/media?parent=1833"}],"curies":[{"name":"wp","href":"https:\/\/api.w.org\/{rel}","templated":true}]}}