{"id":1813,"date":"2024-03-01T00:13:22","date_gmt":"2024-02-29T23:13:22","guid":{"rendered":"https:\/\/ozonos-suisse.ch\/media\/"},"modified":"2024-03-01T00:13:28","modified_gmt":"2024-02-29T23:13:28","slug":"media","status":"publish","type":"page","link":"https:\/\/ozonos-suisse.ch\/it\/media\/","title":{"rendered":"Media"},"content":{"rendered":"<div class=\"gb-container gb-container-92fca753\"><div class=\"gb-inside-container\"><\/div><\/div><div class=\"gb-container gb-container-4a80bdf1\"><div class=\"gb-inside-container\">\n\n<h1 class=\"gb-headline gb-headline-6b5cd9a6 gb-headline-text regular-font\">Cosa dicono gli altri<br>sul nostro prodotto.<\/h1>\n\n\n\n<hr class=\"wp-block-separator has-text-color has-background is-style-default no-margin-hr\" style=\"background-color:#5d8eb2;color:#5d8eb2\"\/>\n\n<\/div><\/div><div class=\"gb-container gb-container-544ba83e\"><div class=\"gb-inside-container\">\n<div class=\"medien-row\"><div class=\"medien-single\"><h4 class=\"medien-subtitle bold-font\">Estratto dalla Residenza NZZ<\/h4><div class=\"medien-info\"><div class=\"medien-content\"><h3 class=\"medien-title regular-font\">Residenza<\/h3><p class=\"medien-description light-font\">OZONOS Aircleaner elimina virus (ad esempio Covid-19), germi, batteri, odori, spore di muffa, allergeni e molto altro ancora, in modo naturale e al 100% innocuo per uomini e animali.<\/p><p class=\"medien-button\"><a href=\"https:\/\/ozonos-suisse.ch\/wp-content\/uploads\/2021\/08\/Residence_Galerie_2020.pdf\" target=\"_blank\" class=\"light-font\">Pi\u00f9 dettagli<\/a> <\/p><\/div><div class=\"medien-image\"><img loading=\"lazy\" decoding=\"async\" width=\"2560\" height=\"1707\" src=\"https:\/\/ozonos-suisse.ch\/wp-content\/uploads\/2021\/08\/Bild-NZZ-Residence-scaled.jpg\" class=\"attachment-post-thumbnail size-post-thumbnail wp-post-image\" alt=\"\" srcset=\"https:\/\/ozonos-suisse.ch\/wp-content\/uploads\/2021\/08\/Bild-NZZ-Residence-scaled.jpg 2560w, https:\/\/ozonos-suisse.ch\/wp-content\/uploads\/2021\/08\/Bild-NZZ-Residence-300x200.jpg 300w, https:\/\/ozonos-suisse.ch\/wp-content\/uploads\/2021\/08\/Bild-NZZ-Residence-1024x683.jpg 1024w, https:\/\/ozonos-suisse.ch\/wp-content\/uploads\/2021\/08\/Bild-NZZ-Residence-768x512.jpg 768w, https:\/\/ozonos-suisse.ch\/wp-content\/uploads\/2021\/08\/Bild-NZZ-Residence-1536x1024.jpg 1536w, https:\/\/ozonos-suisse.ch\/wp-content\/uploads\/2021\/08\/Bild-NZZ-Residence-2048x1365.jpg 2048w, https:\/\/ozonos-suisse.ch\/wp-content\/uploads\/2021\/08\/Bild-NZZ-Residence-600x400.jpg 600w\" sizes=\"auto, (max-width: 2560px) 100vw, 2560px\" \/><\/div><\/div><\/div><div class=\"medien-single\"><h4 class=\"medien-subtitle bold-font\">Estratto dalla rivista di economia e sport<\/h4><div class=\"medien-info\"><div class=\"medien-content\"><h3 class=\"medien-title regular-font\">Ritorno alla normalit\u00e0 con i depuratori d&#8217;aria mobili<\/h3><p class=\"medien-description light-font\">Tosse, starnuti, tifo, cori dei tifosi. Gli aerosol sospesi nell'aria continuano a rappresentare il rischio maggiore di infezione. Con OZONOS, la purificazione dell'aria interna \u00e8 ora destinata a diventare parte integrante dei concetti di igiene, offrendo ai club e agli organizzatori di eventi nuovi livelli di sicurezza.<\/p><p class=\"medien-button\"><a href=\"https:\/\/ozonos-suisse.ch\/wp-content\/uploads\/2021\/08\/2020-09-Sport-Business.pdf\" target=\"_blank\" class=\"light-font\">Pi\u00f9 dettagli<\/a> <\/p><\/div><div class=\"medien-image\"><img loading=\"lazy\" decoding=\"async\" width=\"760\" height=\"772\" src=\"https:\/\/ozonos-suisse.ch\/wp-content\/uploads\/2021\/08\/Artikel-Wirtschaft-und-Sport.png\" class=\"attachment-post-thumbnail size-post-thumbnail wp-post-image\" alt=\"\" srcset=\"https:\/\/ozonos-suisse.ch\/wp-content\/uploads\/2021\/08\/Artikel-Wirtschaft-und-Sport.png 760w, https:\/\/ozonos-suisse.ch\/wp-content\/uploads\/2021\/08\/Artikel-Wirtschaft-und-Sport-295x300.png 295w, https:\/\/ozonos-suisse.ch\/wp-content\/uploads\/2021\/08\/Artikel-Wirtschaft-und-Sport-300x305.png 300w, https:\/\/ozonos-suisse.ch\/wp-content\/uploads\/2021\/08\/Artikel-Wirtschaft-und-Sport-600x609.png 600w\" sizes=\"auto, (max-width: 760px) 100vw, 760px\" \/><\/div><\/div><\/div><div class=\"medien-single\"><h4 class=\"medien-subtitle bold-font\">Estratto da \"Cucina consapevole\"<\/h4><div class=\"medien-info\"><div class=\"medien-content\"><h3 class=\"medien-title regular-font\">CUCINA<\/h3><p class=\"medien-description light-font\">Non solo chi soffre di allergie apprezza il concetto innovativo di OZONOS Aircleaner: aria fresca e un clima igienico nella stanza senza virus, batteri, germi o odori.\n\nIn camera o in cucina, in palestra o in sala riunioni. Nell'ambulatorio del medico, nell'asilo, nel concessionario di auto, nella sauna, nella propria cucina. I campi di applicazione di OZONOS sono tanto diversi quanto universali. Non c'\u00e8 da stupirsi: dopo tutto, l'aria fresca \u00e8 qualcosa di cui abbiamo bisogno in tutti gli ambiti della vita.<\/p><p class=\"medien-button\"><a href=\"https:\/\/ozonos-suisse.ch\/wp-content\/uploads\/2021\/08\/2021-01-KU\u0308CHE-bewusst-kochen.pdf\" target=\"_blank\" class=\"light-font\">Pi\u00f9 dettagli<\/a> <\/p><\/div><div class=\"medien-image\"><img loading=\"lazy\" decoding=\"async\" width=\"515\" height=\"654\" src=\"https:\/\/ozonos-suisse.ch\/wp-content\/uploads\/2021\/08\/Bild-Artikel-kueche.png\" class=\"attachment-post-thumbnail size-post-thumbnail wp-post-image\" alt=\"\" srcset=\"https:\/\/ozonos-suisse.ch\/wp-content\/uploads\/2021\/08\/Bild-Artikel-kueche.png 515w, https:\/\/ozonos-suisse.ch\/wp-content\/uploads\/2021\/08\/Bild-Artikel-kueche-236x300.png 236w, https:\/\/ozonos-suisse.ch\/wp-content\/uploads\/2021\/08\/Bild-Artikel-kueche-300x381.png 300w\" sizes=\"auto, (max-width: 515px) 100vw, 515px\" \/><\/div><\/div><\/div><div class=\"medien-single\"><h4 class=\"medien-subtitle bold-font\">Estratto da wohninsider.at<\/h4><div class=\"medien-info\"><div class=\"medien-content\"><h3 class=\"medien-title regular-font\">Wohninsider.at<\/h3><p class=\"medien-description light-font\">Una start-up austriaca in corsia di sorpasso. Quello che era nato come un'alternativa al cofano dell'estrattore \u00e8 ora utilizzato in una grande variet\u00e0 di modi. Cosa pu\u00f2 fare OZONOS in tempi di corona e come il tuttofare sta conquistando altri continenti. wohninsider ha parlato con l'amministratore delegato Fredy Scheucher.<\/p><p class=\"medien-button\"><a href=\"https:\/\/ozonos-suisse.ch\/wp-content\/uploads\/2021\/08\/2021-02-Wohninsider.at_.pdf\" target=\"_blank\" class=\"light-font\">Pi\u00f9 dettagli<\/a> <\/p><\/div><div class=\"medien-image\"><img loading=\"lazy\" decoding=\"async\" width=\"2560\" height=\"1707\" src=\"https:\/\/ozonos-suisse.ch\/wp-content\/uploads\/2021\/08\/Bild-Artikel-wohninsider-scaled.jpg\" class=\"attachment-post-thumbnail size-post-thumbnail wp-post-image\" alt=\"\" srcset=\"https:\/\/ozonos-suisse.ch\/wp-content\/uploads\/2021\/08\/Bild-Artikel-wohninsider-scaled.jpg 2560w, https:\/\/ozonos-suisse.ch\/wp-content\/uploads\/2021\/08\/Bild-Artikel-wohninsider-300x200.jpg 300w, https:\/\/ozonos-suisse.ch\/wp-content\/uploads\/2021\/08\/Bild-Artikel-wohninsider-1024x683.jpg 1024w, https:\/\/ozonos-suisse.ch\/wp-content\/uploads\/2021\/08\/Bild-Artikel-wohninsider-768x512.jpg 768w, https:\/\/ozonos-suisse.ch\/wp-content\/uploads\/2021\/08\/Bild-Artikel-wohninsider-1536x1024.jpg 1536w, https:\/\/ozonos-suisse.ch\/wp-content\/uploads\/2021\/08\/Bild-Artikel-wohninsider-2048x1365.jpg 2048w, https:\/\/ozonos-suisse.ch\/wp-content\/uploads\/2021\/08\/Bild-Artikel-wohninsider-600x400.jpg 600w\" sizes=\"auto, (max-width: 2560px) 100vw, 2560px\" \/><\/div><\/div><\/div><div class=\"medien-single\"><h4 class=\"medien-subtitle bold-font\">Estratto dal profilo di Falltaff<\/h4><div class=\"medien-info\"><div class=\"medien-content\"><h3 class=\"medien-title regular-font\">Falstaff professionista<\/h3><p class=\"medien-description light-font\">L'igiene dell'aria interna \u00e8 una delle maggiori sfide per scuole, aziende e ristoratori durante la crisi del coronavirus. Dopo pi\u00f9 di un anno, manca ancora un dialogo intenso con le varie tecnologie, a scapito di una risposta pi\u00f9 rapida alla crisi. L'amministratore delegato di \"OZONOS\" Fredy Scheucher si \u00e8 rivolto ai ministeri austriaco e tedesco.<\/p><p class=\"medien-button\"><a href=\"https:\/\/ozonos-suisse.ch\/wp-content\/uploads\/2021\/08\/2021-03-Falstaff-Profi-1.pdf\" target=\"_blank\" class=\"light-font\">Pi\u00f9 dettagli<\/a> <\/p><\/div><div class=\"medien-image\"><img loading=\"lazy\" decoding=\"async\" width=\"766\" height=\"705\" src=\"https:\/\/ozonos-suisse.ch\/wp-content\/uploads\/2021\/08\/Bild-Artikel-fallstaff.png\" class=\"attachment-post-thumbnail size-post-thumbnail wp-post-image\" alt=\"\" srcset=\"https:\/\/ozonos-suisse.ch\/wp-content\/uploads\/2021\/08\/Bild-Artikel-fallstaff.png 766w, https:\/\/ozonos-suisse.ch\/wp-content\/uploads\/2021\/08\/Bild-Artikel-fallstaff-300x276.png 300w, https:\/\/ozonos-suisse.ch\/wp-content\/uploads\/2021\/08\/Bild-Artikel-fallstaff-600x552.png 600w\" sizes=\"auto, (max-width: 766px) 100vw, 766px\" \/><\/div><\/div><\/div><\/div>\n\n<\/div><\/div>","protected":false},"excerpt":{"rendered":"<p>Cosa dicono gli altrisul nostro prodotto.<\/p>\n","protected":false},"author":1,"featured_media":0,"parent":0,"menu_order":0,"comment_status":"closed","ping_status":"closed","template":"","meta":{"_acf_changed":false,"inline_featured_image":false,"footnotes":""},"class_list":["post-1813","page","type-page","status-publish","hentry"],"acf":[],"_links":{"self":[{"href":"https:\/\/ozonos-suisse.ch\/it\/wp-json\/wp\/v2\/pages\/1813","targetHints":{"allow":["GET"]}}],"collection":[{"href":"https:\/\/ozonos-suisse.ch\/it\/wp-json\/wp\/v2\/pages"}],"about":[{"href":"https:\/\/ozonos-suisse.ch\/it\/wp-json\/wp\/v2\/types\/page"}],"author":[{"embeddable":true,"href":"https:\/\/ozonos-suisse.ch\/it\/wp-json\/wp\/v2\/users\/1"}],"replies":[{"embeddable":true,"href":"https:\/\/ozonos-suisse.ch\/it\/wp-json\/wp\/v2\/comments?post=1813"}],"version-history":[{"count":1,"href":"https:\/\/ozonos-suisse.ch\/it\/wp-json\/wp\/v2\/pages\/1813\/revisions"}],"predecessor-version":[{"id":1814,"href":"https:\/\/ozonos-suisse.ch\/it\/wp-json\/wp\/v2\/pages\/1813\/revisions\/1814"}],"wp:attachment":[{"href":"https:\/\/ozonos-suisse.ch\/it\/wp-json\/wp\/v2\/media?parent=1813"}],"curies":[{"name":"wp","href":"https:\/\/api.w.org\/{rel}","templated":true}]}}