{"id":1395,"date":"2021-09-10T13:18:43","date_gmt":"2021-09-10T11:18:43","guid":{"rendered":"https:\/\/ozonos-suisse.ch\/ozonos\/"},"modified":"2021-09-10T13:18:54","modified_gmt":"2021-09-10T11:18:54","slug":"ozonos","status":"publish","type":"page","link":"https:\/\/ozonos-suisse.ch\/it\/ozonos\/","title":{"rendered":"Ozonos"},"content":{"rendered":"<div class=\"gb-container gb-container-f2fb333f\"><div class=\"gb-inside-container\"><\/div><\/div><div class=\"gb-container gb-container-9ffa1cd7\"><div class=\"gb-inside-container\">\n\n<h1 class=\"gb-headline gb-headline-c1763a32 gb-headline-text regular-font title-underline\">FINALMENTE ARIA FRESCA!<br>CON L&#8217;OZONOS AIRCLEANER<\/h1>\n\n\n\n<figure class=\"wp-block-embed is-type-video is-provider-youtube wp-block-embed-youtube wp-embed-aspect-16-9 wp-has-aspect-ratio\"><div class=\"wp-block-embed__wrapper\">\n<iframe loading=\"lazy\" title=\"Mike S\u00fcsser erkl\u00e4rt OZONOS\" width=\"1200\" height=\"675\" src=\"https:\/\/www.youtube.com\/embed\/Td2Cp7n0oBY?feature=oembed\" frameborder=\"0\" allow=\"accelerometer; autoplay; clipboard-write; encrypted-media; gyroscope; picture-in-picture\" allowfullscreen><\/iframe>\n<\/div><\/figure>\n\n\n\n<hr class=\"wp-block-separator has-text-color has-background\" style=\"background-color:#5d8eb2;color:#5d8eb2\"\/>\n\n\n<div class=\"gb-grid-wrapper gb-grid-wrapper-422c18f8\">\n<div class=\"gb-grid-column gb-grid-column-c080ed0a\"><div class=\"gb-container gb-container-c080ed0a\"><div class=\"gb-inside-container\">\n\n<h2 class=\"gb-headline gb-headline-9878bddb gb-headline-text regular-font\">ARIA FRESCA E PULITA: QUALIT\u00c0 DELLA VITA CON UN FATTORE DI SALUTE!<\/h2>\n\n\n\n<p>L&#8217;aria fresca \u00e8 essenziale per il nostro benessere &#8211; non c&#8217;\u00e8 bisogno di filosofeggiare su questo. Non importa se stiamo parlando della cucina privata dove il pesce in padella \u00e8 appena impazzito, della camera da letto infestata dai pollini, dello spogliatoio soffocante della palestra o della sala d&#8217;attesa del medico, inquinata dai germi. Tutti noi desideriamo aria fresca e pulita in ogni momento.<\/p>\n\n<\/div><\/div><\/div>\n\n<div class=\"gb-grid-column gb-grid-column-f11406db\"><div class=\"gb-container gb-container-f11406db\"><div class=\"gb-inside-container\">\n\n<h3 class=\"gb-headline gb-headline-0933e009 gb-headline-text regular-font\">L&#8217;OZONOS AIRCLEANER ELIMINA:<\/h3>\n\n\n\n<ul class=\"ozonos-list-li wp-block-list\"><li>Odori<\/li><li>Batteri<\/li><li>Virus<\/li><li>Germi<\/li><li>Spore di muffa<\/li><li>Allergeni<\/li><li>Polline<\/li><li>Grassi aerosol<\/li><\/ul>\n<\/div><\/div><\/div>\n<\/div>\n\n\n<div class=\"wp-block-buttons is-layout-flex wp-block-buttons-is-layout-flex\">\n<div class=\"wp-block-button has-custom-width wp-block-button__width-100 ozonos-page-button\"><a class=\"wp-block-button__link\" href=\"https:\/\/ozonos-suisse.ch\/it\/negozio\/\">Ordinare ora<\/a><\/div>\n<\/div>\n\n\n\n<hr class=\"wp-block-separator has-text-color has-background\" style=\"background-color:#5d8eb2;color:#5d8eb2\"\/>\n\n\n<div class=\"gb-grid-wrapper gb-grid-wrapper-c7e3b4c9\">\n<div class=\"gb-grid-column gb-grid-column-172b3f9f\"><div class=\"gb-container gb-container-172b3f9f\"><div class=\"gb-inside-container\">\n\n<h3 class=\"gb-headline gb-headline-f3ebcf87 gb-headline-text regular-font\">PERCH\u00c9 PROPRIO <span style=\"color:#5d8eb2;\">L&#8217;OZONO?<\/span><\/h3>\n\n\n\n<p>L&#8217;ozono \u00e8 molto spesso associato allo strato di ozono che avvolge il nostro pianeta. Questa \u00e8 una falsa immagine nella mente della gente perch\u00e9&#8230;.<\/p>\n\n\n\n<ul class=\"ozonos-list-li wp-block-list\"><li>L&#8217;ozono \u00e8 il secondo disinfettante pi\u00f9 potente al mondo<\/li><li>L&#8217;ozono si verifica frequentemente in natura (ad esempio, i fulmini durante i temporali)<\/li><li>L&#8217;ozono non ha effetti negativi sulla salute<\/li><\/ul>\n<\/div><\/div><\/div>\n\n<div class=\"gb-grid-column gb-grid-column-b9e767d8\"><div class=\"gb-container gb-container-b9e767d8\"><div class=\"gb-inside-container\">\n\n<figure class=\"wp-block-image size-full\"><img loading=\"lazy\" decoding=\"async\" width=\"551\" height=\"456\" src=\"https:\/\/ozonos-suisse.ch\/wp-content\/uploads\/2021\/07\/image-1-1.png\" alt=\"\" class=\"wp-image-1100\" srcset=\"https:\/\/ozonos-suisse.ch\/wp-content\/uploads\/2021\/07\/image-1-1.png 551w, https:\/\/ozonos-suisse.ch\/wp-content\/uploads\/2021\/07\/image-1-1-300x248.png 300w\" sizes=\"auto, (max-width: 551px) 100vw, 551px\" \/><\/figure>\n<\/div><\/div><\/div>\n<\/div>\n\n\n<hr class=\"wp-block-separator has-text-color has-background\" style=\"background-color:#5d8eb2;color:#5d8eb2\"\/>\n\n\n<div class=\"gb-grid-wrapper gb-grid-wrapper-fab1bc6a\">\n<div class=\"gb-grid-column gb-grid-column-35cf2531\"><div class=\"gb-container gb-container-35cf2531\"><div class=\"gb-inside-container\">\n\n<figure class=\"wp-block-image size-full\"><img loading=\"lazy\" decoding=\"async\" width=\"551\" height=\"456\" src=\"https:\/\/ozonos-suisse.ch\/wp-content\/uploads\/2021\/07\/image-2.png\" alt=\"\" class=\"wp-image-1102\" srcset=\"https:\/\/ozonos-suisse.ch\/wp-content\/uploads\/2021\/07\/image-2.png 551w, https:\/\/ozonos-suisse.ch\/wp-content\/uploads\/2021\/07\/image-2-300x248.png 300w\" sizes=\"auto, (max-width: 551px) 100vw, 551px\" \/><\/figure>\n<\/div><\/div><\/div>\n\n<div class=\"gb-grid-column gb-grid-column-8c040d5d\"><div class=\"gb-container gb-container-8c040d5d\"><div class=\"gb-inside-container\">\n\n<h4 class=\"gb-headline gb-headline-d9cf5e92 gb-headline-text regular-font\">COME FUNZIONA L&#8217;OZONO?<\/h4>\n\n\n\n<p>L&#8217;ozono \u00e8 un forte ossidante, ma ha una durata di vita molto breve. Al contatto con odori, batteri, germi, virus o allergeni, questi vengono completamente eliminati dall&#8217;atomo di ossigeno extra senza lasciare alcun residuo.<\/p>\n\n\n\n<h4 class=\"gb-headline gb-headline-6e462a57 gb-headline-text regular-font\">ISPIRATO DALLA NATURA!<\/h4>\n\n\n\n<p>La formazione naturale dell&#8217;ozono da parte della radiazione solare \u00e8 copiata. La luce UV-C in combinazione con l&#8217;ossigeno crea ozono &#8211; completamente senza residui nocivi di ossido di azoto!<\/p>\n\n<\/div><\/div><\/div>\n<\/div>\n\n\n<hr class=\"wp-block-separator has-text-color has-background\" style=\"background-color:#5d8eb2;color:#5d8eb2\"\/>\n\n\n<div class=\"gb-grid-wrapper gb-grid-wrapper-2307e639\">\n<div class=\"gb-grid-column gb-grid-column-0a9149eb\"><div class=\"gb-container gb-container-0a9149eb\"><div class=\"gb-inside-container\">\n\n<h4 class=\"gb-headline gb-headline-f55342c2 gb-headline-text regular-font smaller-heading wp-block-heading\" style=\"font-size:40px\">CREIAMO UN CLIMA MIGLIORE<br\/><span style=\"color:#5d8eb2;\">PER VIVERE E LAVORARE.<\/span><\/h4>\n\n\n\n<p>Il nostro dispositivo mobile di purificazione dell&#8217;aria sfrutta i vantaggi dell&#8217;ozono e assicura un&#8217;aria pulita, fresca e sana &#8211; e il suo utilizzo \u00e8 un gioco da ragazzi.<\/p>\n\n\n\n<p>Numerosi test e studi dimostrano i vantaggi<br\/>dell&#8217;OZONOS Aircleaner:<\/p>\n\n\n\n<ul class=\"ozonos-list-li wp-block-list\"><li>Innocuo per la salute<\/li><li>Nessuna esposizione alle radiazioni al di fuori dell&#8217;unit\u00e0<\/li><li>I germi sono completamente eliminati<\/li><li>L&#8217;ozono \u00e8 emesso direttamente sull&#8217;unit\u00e0<\/li><li>L&#8217;ozono si decompone molto rapidamente in ossigeno<\/li><\/ul>\n<\/div><\/div><\/div>\n\n<div class=\"gb-grid-column gb-grid-column-a0de1319\"><div class=\"gb-container gb-container-a0de1319\"><div class=\"gb-inside-container\">\n\n<div class=\"wp-block-image\"><figure class=\"aligncenter size-full\"><img loading=\"lazy\" decoding=\"async\" width=\"492\" height=\"230\" src=\"https:\/\/ozonos-suisse.ch\/wp-content\/uploads\/2021\/07\/image-3.png\" alt=\"\" class=\"wp-image-1104\" srcset=\"https:\/\/ozonos-suisse.ch\/wp-content\/uploads\/2021\/07\/image-3.png 492w, https:\/\/ozonos-suisse.ch\/wp-content\/uploads\/2021\/07\/image-3-300x140.png 300w\" sizes=\"auto, (max-width: 492px) 100vw, 492px\" \/><\/figure><\/div>\n\n\n\n<div class=\"wp-block-image\"><figure class=\"aligncenter size-full\"><img loading=\"lazy\" decoding=\"async\" width=\"231\" height=\"220\" src=\"https:\/\/ozonos-suisse.ch\/wp-content\/uploads\/2021\/07\/image-1-2.png\" alt=\"\" class=\"wp-image-1106\"\/><\/figure><\/div>\n\n<\/div><\/div><\/div>\n<\/div>\n\n\n<hr class=\"wp-block-separator has-text-color has-background\" style=\"background-color:#5d8eb2;color:#5d8eb2\"\/>\n\n<\/div><\/div>\n<p><\/p>\n","protected":false},"excerpt":{"rendered":"<p>FINALMENTE ARIA FRESCA!CON L&#8217;OZONOS AIRCLEANER<\/p>\n","protected":false},"author":1,"featured_media":0,"parent":0,"menu_order":0,"comment_status":"closed","ping_status":"closed","template":"","meta":{"_acf_changed":false,"inline_featured_image":false,"footnotes":""},"class_list":["post-1395","page","type-page","status-publish"],"acf":[],"_links":{"self":[{"href":"https:\/\/ozonos-suisse.ch\/it\/wp-json\/wp\/v2\/pages\/1395","targetHints":{"allow":["GET"]}}],"collection":[{"href":"https:\/\/ozonos-suisse.ch\/it\/wp-json\/wp\/v2\/pages"}],"about":[{"href":"https:\/\/ozonos-suisse.ch\/it\/wp-json\/wp\/v2\/types\/page"}],"author":[{"embeddable":true,"href":"https:\/\/ozonos-suisse.ch\/it\/wp-json\/wp\/v2\/users\/1"}],"replies":[{"embeddable":true,"href":"https:\/\/ozonos-suisse.ch\/it\/wp-json\/wp\/v2\/comments?post=1395"}],"version-history":[{"count":3,"href":"https:\/\/ozonos-suisse.ch\/it\/wp-json\/wp\/v2\/pages\/1395\/revisions"}],"predecessor-version":[{"id":1398,"href":"https:\/\/ozonos-suisse.ch\/it\/wp-json\/wp\/v2\/pages\/1395\/revisions\/1398"}],"wp:attachment":[{"href":"https:\/\/ozonos-suisse.ch\/it\/wp-json\/wp\/v2\/media?parent=1395"}],"curies":[{"name":"wp","href":"https:\/\/api.w.org\/{rel}","templated":true}]}}