{"id":1376,"date":"2021-09-10T11:39:45","date_gmt":"2021-09-10T09:39:45","guid":{"rendered":"https:\/\/ozonos-suisse.ch\/ambito-di-applicazione\/"},"modified":"2024-07-15T16:36:27","modified_gmt":"2024-07-15T14:36:27","slug":"ambito-di-applicazione","status":"publish","type":"page","link":"https:\/\/ozonos-suisse.ch\/it\/ambito-di-applicazione\/","title":{"rendered":"Ambito di applicazione"},"content":{"rendered":"<div class=\"gb-container gb-container-e14582ce\"><div class=\"gb-inside-container\"><\/div><\/div><div class=\"gb-container gb-container-89383b92\"><div class=\"gb-inside-container\">\n\n<h1 class=\"gb-headline gb-headline-43e5464c gb-headline-text regular-font\">Il versatile<br>Ambito di applicazione di OZONOS<\/h1>\n\n<\/div><\/div><div class=\"gb-container gb-container-4649df9a\" id=\"kueche\"><div class=\"gb-inside-container\">\n\n<hr class=\"wp-block-separator has-text-color has-background is-style-default no-margin-hr\" style=\"background-color:#5d8eb2;color:#5d8eb2\"\/>\n\n\n<div class=\"gb-grid-wrapper gb-grid-wrapper-b92436e6\">\n<div class=\"gb-grid-column gb-grid-column-3d12938c\"><div class=\"gb-container gb-container-3d12938c\"><div class=\"gb-inside-container\">\n\n<h2 class=\"gb-headline gb-headline-3dd6ba3c gb-headline-text regular-font\"><span class=\"black-text\">OZONOS per&#8230; <\/span><br>Cucina, Bagno e Zona giorno<\/h2>\n\n\n\n<p>Gli odori e i grassi dell&#8217;aerosol sono una cosa del passato non appena OZONOS entra in gioco. Puoi anche usare i nostri prodotti al posto degli antiestetici cofani di aspirazione &#8211; la plafoniera &#8220;Stella&#8221; fa il lavoro con piena soddisfazione ed \u00e8 anche elegante.<\/p>\n\n\n\n<p class=\"light-text has-black-color has-text-color\" style=\"font-size:24px\">Godetevi l&#8217;aria fresca, rendete i vostri spazi di vita allergici o aumentate il vostro benessere igienico. Con la nostra lampada da terra &#8220;Hailey&#8221; o la OZONOS AC-I, vi sosteniamo con un design meraviglioso.<\/p>\n\n<\/div><\/div><\/div>\n\n<div class=\"gb-grid-column gb-grid-column-2f252a5d\"><div class=\"gb-container gb-container-2f252a5d\"><div class=\"gb-inside-container\">\n\n<figure class=\"wp-block-image size-full\"><img loading=\"lazy\" decoding=\"async\" width=\"551\" height=\"456\" src=\"https:\/\/ozonos-suisse.ch\/wp-content\/uploads\/2021\/08\/HA_GL5-Neu-K4-Ansicht1_DET_Retusche.png\" alt=\"\" class=\"wp-image-513\" srcset=\"https:\/\/ozonos-suisse.ch\/wp-content\/uploads\/2021\/08\/HA_GL5-Neu-K4-Ansicht1_DET_Retusche.png 551w, https:\/\/ozonos-suisse.ch\/wp-content\/uploads\/2021\/08\/HA_GL5-Neu-K4-Ansicht1_DET_Retusche-300x248.png 300w\" sizes=\"auto, (max-width: 551px) 100vw, 551px\" \/><\/figure>\n\n<\/div><\/div><\/div>\n<\/div>\n\n\n<hr class=\"wp-block-separator has-text-color has-background is-style-default no-margin-hr\" style=\"background-color:#5d8eb2;color:#5d8eb2\"\/>\n\n<\/div><\/div><div class=\"gb-container gb-container-5bc997eb\" id=\"schlafen\"><div class=\"gb-inside-container\">\n\n<hr class=\"wp-block-separator has-text-color has-background is-style-default no-margin-hr hide-mobile\" style=\"background-color:#5d8eb2;color:#5d8eb2\"\/>\n\n\n<div class=\"gb-grid-wrapper gb-grid-wrapper-863c8001\">\n<div class=\"gb-grid-column gb-grid-column-e3bf7d25\"><div class=\"gb-container gb-container-e3bf7d25\"><div class=\"gb-inside-container\">\n\n<figure class=\"wp-block-image size-large\"><img loading=\"lazy\" decoding=\"async\" width=\"1024\" height=\"683\" src=\"https:\/\/ozonos-suisse.ch\/wp-content\/uploads\/2021\/08\/OZ_Mike_Suesser_0774-1024x683.jpg\" alt=\"\" class=\"wp-image-901\" srcset=\"https:\/\/ozonos-suisse.ch\/wp-content\/uploads\/2021\/08\/OZ_Mike_Suesser_0774-1024x683.jpg 1024w, https:\/\/ozonos-suisse.ch\/wp-content\/uploads\/2021\/08\/OZ_Mike_Suesser_0774-300x200.jpg 300w, https:\/\/ozonos-suisse.ch\/wp-content\/uploads\/2021\/08\/OZ_Mike_Suesser_0774-768x512.jpg 768w, https:\/\/ozonos-suisse.ch\/wp-content\/uploads\/2021\/08\/OZ_Mike_Suesser_0774-600x400.jpg 600w, https:\/\/ozonos-suisse.ch\/wp-content\/uploads\/2021\/08\/OZ_Mike_Suesser_0774.jpg 1152w\" sizes=\"auto, (max-width: 1024px) 100vw, 1024px\" \/><\/figure>\n\n<\/div><\/div><\/div>\n\n<div class=\"gb-grid-column gb-grid-column-c09b1d59\"><div class=\"gb-container gb-container-c09b1d59\"><div class=\"gb-inside-container\">\n\n<h2 class=\"gb-headline gb-headline-e2d05521 gb-headline-text regular-font\"><span class=\"black-text\">OZONOS per&#8230; <\/span><br>Chi dorme e chi soffre di allergie<\/h2>\n\n\n\n<p>Occhi che lacrimano, respiro pesante o anche dormire seduti per prendere aria &#8211; tutto questo rende la vita difficile a noi allergici e ci priva di un buon sonno. OZONOS ti aiuta a ridurre al minimo questo peso rimuovendo gli allergeni dall&#8217;aria delle tue stanze.<\/p>\n\n<\/div><\/div><\/div>\n<\/div>\n\n\n<hr class=\"wp-block-separator has-text-color has-background is-style-default\" style=\"background-color:#5d8eb2;color:#5d8eb2\"\/>\n\n<\/div><\/div><div class=\"gb-container gb-container-ab85eb9b\" id=\"buros\"><div class=\"gb-inside-container\">\n\n<hr class=\"wp-block-separator has-text-color has-background is-style-default no-margin-hr hide-mobile\" style=\"background-color:#5d8eb2;color:#5d8eb2\"\/>\n\n\n<div class=\"gb-grid-wrapper gb-grid-wrapper-fcffe31f\">\n<div class=\"gb-grid-column gb-grid-column-237160e4\"><div class=\"gb-container gb-container-237160e4\"><div class=\"gb-inside-container\">\n\n<h2 class=\"gb-headline gb-headline-dde51d1f gb-headline-text regular-font\"><span class=\"black-text\">OZONOS per&#8230; <\/span><br>Uffici e sale riunioni<\/h2>\n\n\n\n<p>Lunghe riunioni, visite ai clienti e uffici con diversi dipendenti &#8211; tutto questo crea aria contaminata da germi, virus e odori. Lunghe riunioni, visite ai clienti e uffici con diversi dipendenti &#8211; tutto questo crea aria contaminata da germi, virus e odori.<br\/>Che sia l&#8217;elegante lampada da terra &#8220;Hailey&#8221; o l&#8217;AC-I dal design discreto &#8211; entrambi trasmettono di nuovo una sensazione di sicurezza e possono anche dare ai locali un tocco visivamente sofisticato.<\/p>\n\n<\/div><\/div><\/div>\n\n<div class=\"gb-grid-column gb-grid-column-2c97d50d\"><div class=\"gb-container gb-container-2c97d50d\"><div class=\"gb-inside-container\">\n\n<figure class=\"wp-block-image size-full\"><img loading=\"lazy\" decoding=\"async\" width=\"551\" height=\"456\" src=\"https:\/\/ozonos-suisse.ch\/wp-content\/uploads\/2021\/08\/X6A8445_bearbeitet.png\" alt=\"\" class=\"wp-image-526\" srcset=\"https:\/\/ozonos-suisse.ch\/wp-content\/uploads\/2021\/08\/X6A8445_bearbeitet.png 551w, https:\/\/ozonos-suisse.ch\/wp-content\/uploads\/2021\/08\/X6A8445_bearbeitet-300x248.png 300w\" sizes=\"auto, (max-width: 551px) 100vw, 551px\" \/><\/figure>\n\n<\/div><\/div><\/div>\n<\/div>\n\n\n<hr class=\"wp-block-separator has-text-color has-background is-style-default no-margin-hr\" style=\"background-color:#5d8eb2;color:#5d8eb2\"\/>\n\n<\/div><\/div><div class=\"gb-container gb-container-6d174985\" id=\"hotel\"><div class=\"gb-inside-container\">\n\n<hr class=\"wp-block-separator has-text-color has-background is-style-default no-margin-hr hide-mobile\" style=\"background-color:#5d8eb2;color:#5d8eb2\"\/>\n\n\n<div class=\"gb-grid-wrapper gb-grid-wrapper-3f387309\">\n<div class=\"gb-grid-column gb-grid-column-d35a2ff1\"><div class=\"gb-container gb-container-d35a2ff1\"><div class=\"gb-inside-container\">\n\n<figure class=\"wp-block-image size-full\"><img loading=\"lazy\" decoding=\"async\" width=\"551\" height=\"456\" src=\"https:\/\/ozonos-suisse.ch\/wp-content\/uploads\/2021\/08\/BAZZOKA_OZONOS_31.png\" alt=\"\" class=\"wp-image-529\" srcset=\"https:\/\/ozonos-suisse.ch\/wp-content\/uploads\/2021\/08\/BAZZOKA_OZONOS_31.png 551w, https:\/\/ozonos-suisse.ch\/wp-content\/uploads\/2021\/08\/BAZZOKA_OZONOS_31-300x248.png 300w\" sizes=\"auto, (max-width: 551px) 100vw, 551px\" \/><\/figure>\n\n<\/div><\/div><\/div>\n\n<div class=\"gb-grid-column gb-grid-column-3a68930e\"><div class=\"gb-container gb-container-3a68930e\"><div class=\"gb-inside-container\">\n\n<h2 class=\"gb-headline gb-headline-03b2c861 gb-headline-text regular-font\"><span class=\"black-text\">OZONOS per&#8230; <\/span><br>Alberghiera e Gastronomia<\/h2>\n\n\n\n<p>Che si tratti di camere per gli ospiti, aree comuni o anche spa e fitness. In tutte le aree, cos\u00ec come nella cucina stessa (il cibo si conserva pi\u00f9 a lungo, quindi c&#8217;\u00e8 meno spreco e genera un risparmio di costi), l&#8217;aria \u00e8 costantemente inquinata da germi e batteri. Assicurare il benessere dei vostri ospiti. Installato in modo permanente o in uso mobile per la pulizia della stanza. . Il personale e gli ospiti ve ne saranno grati.<\/p>\n\n<\/div><\/div><\/div>\n<\/div>\n\n\n<hr class=\"wp-block-separator has-text-color has-background is-style-default\" style=\"background-color:#5d8eb2;color:#5d8eb2\"\/>\n\n<\/div><\/div><div class=\"gb-container gb-container-23ce1356\" id=\"sport\"><div class=\"gb-inside-container\">\n\n<hr class=\"wp-block-separator has-text-color has-background is-style-default no-margin-hr hide-mobile\" style=\"background-color:#5d8eb2;color:#5d8eb2\"\/>\n\n\n<div class=\"gb-grid-wrapper gb-grid-wrapper-ef703826\">\n<div class=\"gb-grid-column gb-grid-column-089d3078\"><div class=\"gb-container gb-container-089d3078\"><div class=\"gb-inside-container\">\n\n<h2 class=\"gb-headline gb-headline-38eca253 gb-headline-text regular-font\"><span class=\"black-text\">OZONOS per&#8230; <\/span><br>Sport, tempo libero e traffico<\/h2>\n\n\n\n<p>Aree VIP, studi di fitness, spogliatoi o veicoli da viaggio\/campeggio, cos\u00ec come nei trasporti pubblici &#8211; gli odori sorgono rapidamente ovunque e non sempre possono essere mascherati. Perch\u00e9 non ridurre l&#8217;esposizione e minimizzare il rischio di contagio? Per OZONOS questo non \u00e8 un problema, perch\u00e9 OZONOS affronta attivamente i problemi (di odore) e non li copre con nuovi odori!<\/p>\n\n<\/div><\/div><\/div>\n\n<div class=\"gb-grid-column gb-grid-column-a42f0d0a\"><div class=\"gb-container gb-container-a42f0d0a\"><div class=\"gb-inside-container\">\n\n<figure class=\"wp-block-image size-full\"><img loading=\"lazy\" decoding=\"async\" width=\"551\" height=\"456\" src=\"https:\/\/ozonos-suisse.ch\/wp-content\/uploads\/2021\/08\/DSC_0129.png\" alt=\"\" class=\"wp-image-533\" srcset=\"https:\/\/ozonos-suisse.ch\/wp-content\/uploads\/2021\/08\/DSC_0129.png 551w, https:\/\/ozonos-suisse.ch\/wp-content\/uploads\/2021\/08\/DSC_0129-300x248.png 300w\" sizes=\"auto, (max-width: 551px) 100vw, 551px\" \/><\/figure>\n\n<\/div><\/div><\/div>\n<\/div>\n\n\n<hr class=\"wp-block-separator has-text-color has-background is-style-default no-margin-hr\" style=\"background-color:#5d8eb2;color:#5d8eb2\"\/>\n\n<\/div><\/div><div class=\"gb-container gb-container-f22390db\" id=\"oeffentliche\"><div class=\"gb-inside-container\">\n\n<hr class=\"wp-block-separator has-text-color has-background is-style-default no-margin-hr hide-mobile\" style=\"background-color:#5d8eb2;color:#5d8eb2\"\/>\n\n\n<div class=\"gb-grid-wrapper gb-grid-wrapper-48415788\">\n<div class=\"gb-grid-column gb-grid-column-eb34db70\"><div class=\"gb-container gb-container-eb34db70\"><div class=\"gb-inside-container\">\n\n<figure class=\"wp-block-image size-full\"><img loading=\"lazy\" decoding=\"async\" width=\"551\" height=\"456\" src=\"https:\/\/ozonos-suisse.ch\/wp-content\/uploads\/2021\/08\/IMG_7722B.png\" alt=\"\" class=\"wp-image-537\" srcset=\"https:\/\/ozonos-suisse.ch\/wp-content\/uploads\/2021\/08\/IMG_7722B.png 551w, https:\/\/ozonos-suisse.ch\/wp-content\/uploads\/2021\/08\/IMG_7722B-300x248.png 300w\" sizes=\"auto, (max-width: 551px) 100vw, 551px\" \/><\/figure>\n\n<\/div><\/div><\/div>\n\n<div class=\"gb-grid-column gb-grid-column-495cc0a3\"><div class=\"gb-container gb-container-495cc0a3\"><div class=\"gb-inside-container\">\n\n<h2 class=\"gb-headline gb-headline-49c1a7ee gb-headline-text regular-font\"><span class=\"black-text\">OZONOS per&#8230; <\/span><br>Edifici pubblici<\/h2>\n\n\n\n<p>Un flusso costante di persone e animali negli edifici pubblici aumenta l&#8217;inquinamento dell&#8217;aria interna ogni giorno. Crea una qualit\u00e0 dell&#8217;aria piacevole e mostrala ai tuoi visitatori e al tuo staff per far sentire tutti al sicuro e creare una qualit\u00e0 dell&#8217;aria ottimale.<\/p>\n\n<\/div><\/div><\/div>\n<\/div>\n\n\n<hr class=\"wp-block-separator has-text-color has-background is-style-default\" style=\"background-color:#5d8eb2;color:#5d8eb2\"\/>\n\n<\/div><\/div><div class=\"gb-container gb-container-2c16415f\" id=\"medizin\"><div class=\"gb-inside-container\">\n\n<hr class=\"wp-block-separator has-text-color has-background is-style-default no-margin-hr hide-mobile\" style=\"background-color:#5d8eb2;color:#5d8eb2\"\/>\n\n\n<div class=\"gb-grid-wrapper gb-grid-wrapper-2bcefeb9\">\n<div class=\"gb-grid-column gb-grid-column-44260bba\"><div class=\"gb-container gb-container-44260bba\"><div class=\"gb-inside-container\">\n\n<h2 class=\"gb-headline gb-headline-8600ad99 gb-headline-text regular-font\"><span class=\"black-text\">OZONOS per&#8230; <\/span><br>Medicina e salute<\/h2>\n\n\n\n<p>Studi medici, case di cura o laboratori &#8211; in queste aree l&#8217;inquinamento dell&#8217;aria con germi e virus \u00e8 estremamente alto. . OZONOS elimina gli odori, i virus, i batteri e i germi in modo rapido e naturale e d\u00e0 una sensazione di sicurezza e benessere.<\/p>\n\n<\/div><\/div><\/div>\n\n<div class=\"gb-grid-column gb-grid-column-4b08e941\"><div class=\"gb-container gb-container-4b08e941\"><div class=\"gb-inside-container\">\n\n<figure class=\"wp-block-image size-full\"><img loading=\"lazy\" decoding=\"async\" width=\"551\" height=\"456\" src=\"https:\/\/ozonos-suisse.ch\/wp-content\/uploads\/2021\/08\/ozonos-how-air-purifiers-work.png\" alt=\"\" class=\"wp-image-542\" srcset=\"https:\/\/ozonos-suisse.ch\/wp-content\/uploads\/2021\/08\/ozonos-how-air-purifiers-work.png 551w, https:\/\/ozonos-suisse.ch\/wp-content\/uploads\/2021\/08\/ozonos-how-air-purifiers-work-300x248.png 300w\" sizes=\"auto, (max-width: 551px) 100vw, 551px\" \/><\/figure>\n\n<\/div><\/div><\/div>\n<\/div>\n\n\n<hr class=\"wp-block-separator has-text-color has-background is-style-default\" style=\"background-color:#5d8eb2;color:#5d8eb2\"\/>\n\n<\/div><\/div><div class=\"gb-container gb-container-2b28209f\" id=\"schulen\"><div class=\"gb-inside-container\">\n\n<hr class=\"wp-block-separator has-text-color has-background is-style-default no-margin-hr hide-mobile\" style=\"background-color:#5d8eb2;color:#5d8eb2\"\/>\n\n\n<div class=\"gb-grid-wrapper gb-grid-wrapper-ebf5d0c9\">\n<div class=\"gb-grid-column gb-grid-column-5f62f08d\"><div class=\"gb-container gb-container-5f62f08d\"><div class=\"gb-inside-container\">\n\n<figure class=\"wp-block-image size-full\"><img loading=\"lazy\" decoding=\"async\" width=\"551\" height=\"456\" src=\"https:\/\/ozonos-suisse.ch\/wp-content\/uploads\/2021\/08\/DSC_0137.png\" alt=\"\" class=\"wp-image-547\" srcset=\"https:\/\/ozonos-suisse.ch\/wp-content\/uploads\/2021\/08\/DSC_0137.png 551w, https:\/\/ozonos-suisse.ch\/wp-content\/uploads\/2021\/08\/DSC_0137-300x248.png 300w\" sizes=\"auto, (max-width: 551px) 100vw, 551px\" \/><\/figure>\n\n<\/div><\/div><\/div>\n\n<div class=\"gb-grid-column gb-grid-column-be8cc415\"><div class=\"gb-container gb-container-be8cc415\"><div class=\"gb-inside-container\">\n\n<h2 class=\"gb-headline gb-headline-4dada26e gb-headline-text regular-font\"><span class=\"black-text\">OZONOS per&#8230; <\/span><br>Scuole e asili<\/h2>\n\n\n\n<p>Le scuole materne e gli asili lavorano gi\u00e0 con OZONOS perch\u00e9 apprezzano la sicurezza dei bambini e del personale docente. Invece di aprire le finestre in inverno, le scuole non dovrebbero chiudere le loro menti al pensiero generale &#8211; gli alunni sono il nostro futuro.<\/p>\n\n<\/div><\/div><\/div>\n<\/div>\n\n\n<hr class=\"wp-block-separator has-text-color has-background is-style-default\" style=\"background-color:#5d8eb2;color:#5d8eb2\"\/>\n\n<\/div><\/div><div class=\"gb-container gb-container-6f727ee2\" id=\"industrie\"><div class=\"gb-inside-container\">\n\n<hr class=\"wp-block-separator has-text-color has-background is-style-default no-margin-hr hide-mobile\" style=\"background-color:#5d8eb2;color:#5d8eb2\"\/>\n\n\n<div class=\"gb-grid-wrapper gb-grid-wrapper-f8d49bd6\">\n<div class=\"gb-grid-column gb-grid-column-de4a18d5\"><div class=\"gb-container gb-container-de4a18d5\"><div class=\"gb-inside-container\">\n\n<h2 class=\"gb-headline gb-headline-9c1f3230 gb-headline-text regular-font\"><span class=\"black-text\">OZONOS per&#8230; <\/span><br>Industria<\/h2>\n\n\n\n<p>Nel settore industriale ci sono aree con un inquinamento atmosferico estremamente elevato. Che si tratti di un laboratorio, di un impianto di produzione o semplicemente di uffici e sale di ricreazione. Ovunque ci sono molte persone al lavoro e materiali o prodotti che hanno i loro vapori. OZONOS non lascia dubbi sull&#8217;eccessivo inquinamento del personale e dei visitatori.<\/p>\n\n<\/div><\/div><\/div>\n\n<div class=\"gb-grid-column gb-grid-column-efdda30d\"><div class=\"gb-container gb-container-efdda30d\"><div class=\"gb-inside-container\">\n\n<figure class=\"wp-block-image size-full\"><img loading=\"lazy\" decoding=\"async\" width=\"551\" height=\"456\" src=\"https:\/\/ozonos-suisse.ch\/wp-content\/uploads\/2021\/08\/DSC_0132.png\" alt=\"\" class=\"wp-image-551\" srcset=\"https:\/\/ozonos-suisse.ch\/wp-content\/uploads\/2021\/08\/DSC_0132.png 551w, https:\/\/ozonos-suisse.ch\/wp-content\/uploads\/2021\/08\/DSC_0132-300x248.png 300w\" sizes=\"auto, (max-width: 551px) 100vw, 551px\" \/><\/figure>\n\n<\/div><\/div><\/div>\n<\/div>\n\n\n<hr class=\"wp-block-separator has-text-color has-background is-style-default\" style=\"background-color:#5d8eb2;color:#5d8eb2\"\/>\n\n<\/div><\/div>","protected":false},"excerpt":{"rendered":"<p>Il versatileAmbito di applicazione di OZONOS<\/p>\n","protected":false},"author":1,"featured_media":0,"parent":0,"menu_order":0,"comment_status":"closed","ping_status":"closed","template":"","meta":{"_acf_changed":false,"inline_featured_image":false,"footnotes":""},"class_list":["post-1376","page","type-page","status-publish"],"acf":[],"_links":{"self":[{"href":"https:\/\/ozonos-suisse.ch\/it\/wp-json\/wp\/v2\/pages\/1376","targetHints":{"allow":["GET"]}}],"collection":[{"href":"https:\/\/ozonos-suisse.ch\/it\/wp-json\/wp\/v2\/pages"}],"about":[{"href":"https:\/\/ozonos-suisse.ch\/it\/wp-json\/wp\/v2\/types\/page"}],"author":[{"embeddable":true,"href":"https:\/\/ozonos-suisse.ch\/it\/wp-json\/wp\/v2\/users\/1"}],"replies":[{"embeddable":true,"href":"https:\/\/ozonos-suisse.ch\/it\/wp-json\/wp\/v2\/comments?post=1376"}],"version-history":[{"count":15,"href":"https:\/\/ozonos-suisse.ch\/it\/wp-json\/wp\/v2\/pages\/1376\/revisions"}],"predecessor-version":[{"id":2040,"href":"https:\/\/ozonos-suisse.ch\/it\/wp-json\/wp\/v2\/pages\/1376\/revisions\/2040"}],"wp:attachment":[{"href":"https:\/\/ozonos-suisse.ch\/it\/wp-json\/wp\/v2\/media?parent=1376"}],"curies":[{"name":"wp","href":"https:\/\/api.w.org\/{rel}","templated":true}]}}