{"id":1362,"date":"2021-07-26T15:36:05","date_gmt":"2021-09-09T07:37:58","guid":{"rendered":"https:\/\/ozonos-suisse.ch\/product\/ozonos-ac-i-plus-aircleaner\/"},"modified":"2021-09-14T12:15:21","modified_gmt":"2021-09-14T10:15:21","slug":"ozonos-ac-i-plus-aircleaner","status":"publish","type":"product","link":"https:\/\/ozonos-suisse.ch\/fr\/produit\/ozonos-ac-i-plus-aircleaner\/","title":{"rendered":"OZONOS AC-I Plus Aircleaner"},"content":{"rendered":"<h3><!--block-->OZONOS AC-1 PLUS<\/h3>\n<p><!--block--><em>rev\u00eatement en poudre<\/em><\/p>\n<p><!--block--><br \/>\n<strong>Champ d&rsquo;application<br \/>\n<\/strong>1x OZONOS AC-I, 1x pied de montage,<br \/>\n1x t\u00e9l\u00e9commande, 1x instructions de montage,<br \/>\n1x c\u00e2ble d&rsquo;alimentation<br \/>\n<!--block--><strong>Informations sur les produits<br \/>\n<\/strong>Dimension: L=400mm, D=130mm<br \/>\nPuissance d&rsquo;entr\u00e9e: 14 Watt<br \/>\nPoids: 2.7kg<br \/>\nPrise: CEE 7\/7 mit Fixadapter<br \/>\nVernis UV: 25%<br \/>\nConcentration d&rsquo;ozone: 0.115ppm<\/p>\n<p>L&rsquo;OZONOS AC-I PLUS et l&rsquo;AC-I PRO ne sont pas con\u00e7us pour \u00eatre utilis\u00e9s 24 heures sur 24 et 7 jours sur 7 lorsque des personnes se trouvent en permanence dans la m\u00eame pi\u00e8ce. Dans ce cas, nous recommandons de ne pas rester dans la pi\u00e8ce pendant plus de 8 heures sans interruption lorsque l&rsquo;appareil fonctionne. OZONOS AC-I PLUS et AC-I PRO sont particuli\u00e8rement adapt\u00e9s \u00e0 un usage professionnel et \u00e0 un nettoyage plus rapide et plus intensif.<\/p>\n","protected":false},"excerpt":{"rendered":"<p><strong>L&rsquo;\u00e9purateur d&rsquo;air mobile<br \/>\n<\/strong><em>Pour un nettoyage rapide et intensif des locaux<br \/>\n<\/em>Odeurs lourdes et fortes | charge \u00e9lev\u00e9e de bact\u00e9ries, virus ou germes | pour une utilisation dans les grandes pi\u00e8ces, les cuisines, les s\u00e9choirs ou les chambres froides.<\/p>\n","protected":false},"featured_media":1057,"template":"","meta":{"_acf_changed":false,"inline_featured_image":false,"wds_primary_product_brand":0,"wds_primary_product_cat":0},"product_brand":[],"product_cat":[38],"product_tag":[],"class_list":{"0":"post-1362","1":"product","2":"type-product","3":"status-publish","4":"has-post-thumbnail","6":"product_cat-aircleaner-fr","7":"sales-flash-overlay","8":"woocommerce-text-align-center","9":"woocommerce-image-align-center","10":"do-quantity-buttons","12":"first","13":"instock","14":"taxable","15":"shipping-taxable","16":"purchasable","17":"product-type-variable"},"acf":[],"_links":{"self":[{"href":"https:\/\/ozonos-suisse.ch\/fr\/wp-json\/wp\/v2\/product\/1362","targetHints":{"allow":["GET"]}}],"collection":[{"href":"https:\/\/ozonos-suisse.ch\/fr\/wp-json\/wp\/v2\/product"}],"about":[{"href":"https:\/\/ozonos-suisse.ch\/fr\/wp-json\/wp\/v2\/types\/product"}],"wp:featuredmedia":[{"embeddable":true,"href":"https:\/\/ozonos-suisse.ch\/fr\/wp-json\/wp\/v2\/media\/1057"}],"wp:attachment":[{"href":"https:\/\/ozonos-suisse.ch\/fr\/wp-json\/wp\/v2\/media?parent=1362"}],"wp:term":[{"taxonomy":"product_brand","embeddable":true,"href":"https:\/\/ozonos-suisse.ch\/fr\/wp-json\/wp\/v2\/product_brand?post=1362"},{"taxonomy":"product_cat","embeddable":true,"href":"https:\/\/ozonos-suisse.ch\/fr\/wp-json\/wp\/v2\/product_cat?post=1362"},{"taxonomy":"product_tag","embeddable":true,"href":"https:\/\/ozonos-suisse.ch\/fr\/wp-json\/wp\/v2\/product_tag?post=1362"}],"curies":[{"name":"wp","href":"https:\/\/api.w.org\/{rel}","templated":true}]}}