{"id":1330,"date":"2021-07-26T15:55:20","date_gmt":"2021-09-09T07:26:04","guid":{"rendered":"https:\/\/ozonos-suisse.ch\/product\/editions-limitees-dozonos-ac-i\/"},"modified":"2021-09-14T10:50:23","modified_gmt":"2021-09-14T08:50:23","slug":"ozonos-ac-i-limitees-editions","status":"publish","type":"product","link":"https:\/\/ozonos-suisse.ch\/fr\/produit\/ozonos-ac-i-limitees-editions\/","title":{"rendered":"OZONOS AC-I Limited Editions"},"content":{"rendered":"<h3><!--block-->OZONOS AC-1 \u00ab\u00a0POP ART\u00a0\u00bb<\/h3>\n<p><!--block--><strong>Champ d&rsquo;application<br \/>\n<\/strong>1x OZONOS AC-I, 1x pied de montage,<br \/>\n1x t\u00e9l\u00e9commande, 1x instructions de montage,<br \/>\n1x c\u00e2ble d&rsquo;alimentation<\/p>\n<p><!--block--><strong>Informations sur les produits<br \/>\n<\/strong>Dimension: L=400mm, D=130mm<br \/>\nPuissance d&rsquo;entr\u00e9e: 14 Watt<br \/>\nPoids: 2.7kg<br \/>\nPrise: CEE 7\/7 mit Fixadapter<br \/>\nVernis UV: 10%<br \/>\nConcentration d&rsquo;ozone: 0.048pp<\/p>\n<p>&nbsp;<\/p>\n","protected":false},"excerpt":{"rendered":"<p><strong>L&rsquo;\u00e9purateur d&rsquo;air mobile &#8211; <\/strong>Pour un usage permanent<br \/>\nPour une charge olfactive normale permanente | faible charge bact\u00e9rienne, virale ou germinale | optimale pour les chambres \u00e0 coucher et les salles de s\u00e9jour adapt\u00e9es aux allergies.<\/p>\n","protected":false},"featured_media":264,"template":"","meta":{"_acf_changed":false,"inline_featured_image":false,"wds_primary_product_brand":0,"wds_primary_product_cat":0},"product_brand":[],"product_cat":[38],"product_tag":[],"class_list":{"0":"post-1330","1":"product","2":"type-product","3":"status-publish","4":"has-post-thumbnail","6":"product_cat-aircleaner-fr","7":"sales-flash-overlay","8":"woocommerce-text-align-center","9":"woocommerce-image-align-center","10":"do-quantity-buttons","11":"wc-has-gallery","13":"first","14":"instock","15":"taxable","16":"shipping-taxable","17":"purchasable","18":"product-type-variable"},"acf":[],"_links":{"self":[{"href":"https:\/\/ozonos-suisse.ch\/fr\/wp-json\/wp\/v2\/product\/1330","targetHints":{"allow":["GET"]}}],"collection":[{"href":"https:\/\/ozonos-suisse.ch\/fr\/wp-json\/wp\/v2\/product"}],"about":[{"href":"https:\/\/ozonos-suisse.ch\/fr\/wp-json\/wp\/v2\/types\/product"}],"wp:featuredmedia":[{"embeddable":true,"href":"https:\/\/ozonos-suisse.ch\/fr\/wp-json\/wp\/v2\/media\/264"}],"wp:attachment":[{"href":"https:\/\/ozonos-suisse.ch\/fr\/wp-json\/wp\/v2\/media?parent=1330"}],"wp:term":[{"taxonomy":"product_brand","embeddable":true,"href":"https:\/\/ozonos-suisse.ch\/fr\/wp-json\/wp\/v2\/product_brand?post=1330"},{"taxonomy":"product_cat","embeddable":true,"href":"https:\/\/ozonos-suisse.ch\/fr\/wp-json\/wp\/v2\/product_cat?post=1330"},{"taxonomy":"product_tag","embeddable":true,"href":"https:\/\/ozonos-suisse.ch\/fr\/wp-json\/wp\/v2\/product_tag?post=1330"}],"curies":[{"name":"wp","href":"https:\/\/api.w.org\/{rel}","templated":true}]}}