{"id":1298,"date":"2021-07-27T10:50:04","date_gmt":"2021-09-09T06:50:47","guid":{"rendered":"https:\/\/ozonos-suisse.ch\/product\/lampadaire-hailey\/"},"modified":"2021-09-13T14:45:43","modified_gmt":"2021-09-13T12:45:43","slug":"lampadaire-hailey","status":"publish","type":"product","link":"https:\/\/ozonos-suisse.ch\/fr\/produit\/lampadaire-hailey\/","title":{"rendered":"Lampadaire Hailey"},"content":{"rendered":"<p><!--block--><strong>Lampe avec OZONOS AC-1 int\u00e9gr\u00e9<\/strong><\/p>\n<p><strong>Champ d&rsquo;application<\/strong><br \/>\n1x lampadaire avec bande LED et p\u00e9dale,<br \/>\n1x OZONOS AC-1 int\u00e9gr\u00e9<br \/>\n1x t\u00e9l\u00e9commande,<br \/>\n1x instructions d&rsquo;installation<\/p>\n<p><strong>Informations sur les produits<\/strong><br \/>\nDiam\u00e8tre 600mm, hauteur 1740mm, poids 20kg, LED (24V\/230V, 54 W, 4950lm, 2700K, CRI 90), pilote avec Europlug, p\u00e9dale de commande, base de tr\u00e9pied laqu\u00e9e noir, couvercle int\u00e9rieur acrylique blanc satin\u00e9.<\/p>\n","protected":false},"excerpt":{"rendered":"<p>Le premier lampadaire d&rsquo;air frais a tout pour \u00e9liminer les odeurs, les virus, les germes et les bact\u00e9ries : un OZONOS AC-1 \u00e0 l&rsquo;int\u00e9rieur de l&rsquo;abat-jour, une fonction simple et un design innovant et moderne.<\/p>\n","protected":false},"featured_media":277,"template":"","meta":{"_acf_changed":false,"inline_featured_image":false,"wds_primary_product_brand":0,"wds_primary_product_cat":0},"product_brand":[],"product_cat":[39],"product_tag":[],"class_list":{"0":"post-1298","1":"product","2":"type-product","3":"status-publish","4":"has-post-thumbnail","6":"product_cat-lampadaire","7":"sales-flash-overlay","8":"woocommerce-text-align-center","9":"woocommerce-image-align-center","10":"do-quantity-buttons","11":"wc-has-gallery","13":"first","14":"instock","15":"taxable","16":"shipping-taxable","17":"purchasable","18":"product-type-variable"},"acf":[],"_links":{"self":[{"href":"https:\/\/ozonos-suisse.ch\/fr\/wp-json\/wp\/v2\/product\/1298","targetHints":{"allow":["GET"]}}],"collection":[{"href":"https:\/\/ozonos-suisse.ch\/fr\/wp-json\/wp\/v2\/product"}],"about":[{"href":"https:\/\/ozonos-suisse.ch\/fr\/wp-json\/wp\/v2\/types\/product"}],"wp:featuredmedia":[{"embeddable":true,"href":"https:\/\/ozonos-suisse.ch\/fr\/wp-json\/wp\/v2\/media\/277"}],"wp:attachment":[{"href":"https:\/\/ozonos-suisse.ch\/fr\/wp-json\/wp\/v2\/media?parent=1298"}],"wp:term":[{"taxonomy":"product_brand","embeddable":true,"href":"https:\/\/ozonos-suisse.ch\/fr\/wp-json\/wp\/v2\/product_brand?post=1298"},{"taxonomy":"product_cat","embeddable":true,"href":"https:\/\/ozonos-suisse.ch\/fr\/wp-json\/wp\/v2\/product_cat?post=1298"},{"taxonomy":"product_tag","embeddable":true,"href":"https:\/\/ozonos-suisse.ch\/fr\/wp-json\/wp\/v2\/product_tag?post=1298"}],"curies":[{"name":"wp","href":"https:\/\/api.w.org\/{rel}","templated":true}]}}