{"id":1293,"date":"2021-08-23T11:23:51","date_gmt":"2021-08-23T09:23:51","guid":{"rendered":"https:\/\/ozonos-suisse.ch\/product\/ozonos-ac-1-pro-serie-c-edition-limitee\/"},"modified":"2021-09-14T12:18:40","modified_gmt":"2021-09-14T10:18:40","slug":"ozonos-ac-1-pro-limited-edition-c-serie","status":"publish","type":"product","link":"https:\/\/ozonos-suisse.ch\/fr\/produit\/ozonos-ac-1-pro-limited-edition-c-serie\/","title":{"rendered":"OZONOS AC-1 Pro Limited Edition C-Serie"},"content":{"rendered":"<h3><!--block-->OZONOS AC-1 PRO<\/h3>\n<p><!--block--><em>rev\u00eatement en poudre<br \/>\n<\/em><\/p>\n<p><!--block--><strong>Champ d&rsquo;application<br \/>\n<\/strong>1x OZONOS AC-I, 1x pied de montage,<br \/>\n1x t\u00e9l\u00e9commande, 1x instructions de montage,<br \/>\n1x c\u00e2ble d&rsquo;alimentation<\/p>\n<p><!--block--><strong>Informations sur les produits<br \/>\n<\/strong>Dimension: L=400mm, D=130mm<br \/>\nPuissance d&rsquo;entr\u00e9e: 14 Watt<br \/>\nPoids: 2.7kg<br \/>\nPrise: CEE 7\/7 mit Fixadapter<br \/>\nVernis UV: 50%<br \/>\nConcentration d&rsquo;ozone: 0.210ppm<\/p>\n<p>L&rsquo;OZONOS AC-I PLUS et l&rsquo;AC-I PRO ne sont pas con\u00e7us pour \u00eatre utilis\u00e9s 24 heures sur 24 et 7 jours sur 7 lorsque des personnes se trouvent en permanence dans la m\u00eame pi\u00e8ce. Dans ce cas, nous recommandons de ne pas rester dans la pi\u00e8ce pendant plus de 8 heures sans interruption lorsque l&rsquo;appareil fonctionne. OZONOS AC-I PLUS et AC-I PRO sont particuli\u00e8rement adapt\u00e9s \u00e0 un usage professionnel et \u00e0 un nettoyage plus rapide et plus intensif.<\/p>\n","protected":false},"excerpt":{"rendered":"<p><strong>L&rsquo;\u00e9purateur d&rsquo;air mobile<\/strong><br \/>\npour un usage professionnel<\/p>\n<p>Industrie, h\u00f4tellerie et gastronomie | zones fortement odorantes et contamin\u00e9es | locaux \u00e0 d\u00e9chets, locaux de surveillance des skis<\/p>\n","protected":false},"featured_media":0,"template":"","meta":{"_acf_changed":false,"inline_featured_image":false,"wds_primary_product_brand":0,"wds_primary_product_cat":0},"product_brand":[],"product_cat":[38],"product_tag":[],"class_list":{"0":"post-1293","1":"product","2":"type-product","3":"status-publish","5":"product_cat-aircleaner-fr","6":"sales-flash-overlay","7":"woocommerce-text-align-center","8":"woocommerce-image-align-center","9":"do-quantity-buttons","11":"first","12":"instock","13":"taxable","14":"shipping-taxable","15":"purchasable","16":"product-type-variable"},"acf":[],"_links":{"self":[{"href":"https:\/\/ozonos-suisse.ch\/fr\/wp-json\/wp\/v2\/product\/1293","targetHints":{"allow":["GET"]}}],"collection":[{"href":"https:\/\/ozonos-suisse.ch\/fr\/wp-json\/wp\/v2\/product"}],"about":[{"href":"https:\/\/ozonos-suisse.ch\/fr\/wp-json\/wp\/v2\/types\/product"}],"wp:attachment":[{"href":"https:\/\/ozonos-suisse.ch\/fr\/wp-json\/wp\/v2\/media?parent=1293"}],"wp:term":[{"taxonomy":"product_brand","embeddable":true,"href":"https:\/\/ozonos-suisse.ch\/fr\/wp-json\/wp\/v2\/product_brand?post=1293"},{"taxonomy":"product_cat","embeddable":true,"href":"https:\/\/ozonos-suisse.ch\/fr\/wp-json\/wp\/v2\/product_cat?post=1293"},{"taxonomy":"product_tag","embeddable":true,"href":"https:\/\/ozonos-suisse.ch\/fr\/wp-json\/wp\/v2\/product_tag?post=1293"}],"curies":[{"name":"wp","href":"https:\/\/api.w.org\/{rel}","templated":true}]}}