{"id":1289,"date":"2021-08-23T11:17:51","date_gmt":"2021-09-09T06:21:29","guid":{"rendered":"https:\/\/ozonos-suisse.ch\/product\/ozonos-ac-1-plus-serie-c-edition-limitee\/"},"modified":"2021-09-09T09:20:07","modified_gmt":"2021-09-09T07:20:07","slug":"ozonos-ac-1-plus-limited-edition-c-serie","status":"publish","type":"product","link":"https:\/\/ozonos-suisse.ch\/fr\/produit\/ozonos-ac-1-plus-limited-edition-c-serie\/","title":{"rendered":"OZONOS AC-1 PLUS S\u00c9RIE C \u00c9DITION LIMIT\u00c9E"},"content":{"rendered":"","protected":false},"excerpt":{"rendered":"<p><strong>L&rsquo;\u00e9purateur d&rsquo;air mobile<\/strong><br \/>\nPour un nettoyage rapide et intensif des locaux<\/p>\n<p>Odeurs lourdes et fortes | charge \u00e9lev\u00e9e en bact\u00e9ries, virus ou germes | pour une utilisation dans les grandes pi\u00e8ces, les cuisines, les s\u00e9choirs ou les chambres froides<\/p>\n<p><strong>\u00c9tendue de la livraison:<\/strong><br \/>\n1x OZONOS AC-I PLUS, 1x pied de montage, 1x t\u00e9l\u00e9commande, 1x instructions de montage, 1x c\u00e2ble d&rsquo;alimentation noir<\/p>\n<p><strong>Caract\u00e9ristiques techniques:<\/strong><br \/>\nLongueur 400 mm, diam\u00e8tre 130 mm, poids 3,16 kg ; lampe UV-C 1 x 8 Watt, raccordement au r\u00e9seau 230 Volt, rev\u00eatement UV-C 25%, concentration d&rsquo;ozone 0,115 ppm, consommation \u00e9lectrique 14 Watt<\/p>\n<p>L&rsquo;AC-I PLUS et l&rsquo;AC-I PRO d&rsquo;OZONOS ne sont pas con\u00e7us pour \u00eatre utilis\u00e9s 24 heures sur 24, 7 jours sur 7, lorsque des personnes se trouvent en permanence dans la m\u00eame pi\u00e8ce. Dans ce cas, nous recommandons de ne pas rester dans la pi\u00e8ce pendant plus de 8 heures sans interruption lorsque l&rsquo;appareil fonctionne. OZONOS AC-I PLUS et AC-I PRO sont particuli\u00e8rement adapt\u00e9s \u00e0 un usage professionnel et \u00e0 un nettoyage plus rapide et plus intensif.<\/p>\n","protected":false},"featured_media":911,"template":"","meta":{"_acf_changed":false,"inline_featured_image":false,"wds_primary_product_brand":0,"wds_primary_product_cat":0},"product_brand":[],"product_cat":[38],"product_tag":[],"class_list":{"0":"post-1289","1":"product","2":"type-product","3":"status-publish","4":"has-post-thumbnail","6":"product_cat-aircleaner-fr","7":"sales-flash-overlay","8":"woocommerce-text-align-center","9":"woocommerce-image-align-center","10":"do-quantity-buttons","12":"first","13":"instock","14":"taxable","15":"shipping-taxable","16":"purchasable","17":"product-type-variable"},"acf":[],"_links":{"self":[{"href":"https:\/\/ozonos-suisse.ch\/fr\/wp-json\/wp\/v2\/product\/1289","targetHints":{"allow":["GET"]}}],"collection":[{"href":"https:\/\/ozonos-suisse.ch\/fr\/wp-json\/wp\/v2\/product"}],"about":[{"href":"https:\/\/ozonos-suisse.ch\/fr\/wp-json\/wp\/v2\/types\/product"}],"wp:featuredmedia":[{"embeddable":true,"href":"https:\/\/ozonos-suisse.ch\/fr\/wp-json\/wp\/v2\/media\/911"}],"wp:attachment":[{"href":"https:\/\/ozonos-suisse.ch\/fr\/wp-json\/wp\/v2\/media?parent=1289"}],"wp:term":[{"taxonomy":"product_brand","embeddable":true,"href":"https:\/\/ozonos-suisse.ch\/fr\/wp-json\/wp\/v2\/product_brand?post=1289"},{"taxonomy":"product_cat","embeddable":true,"href":"https:\/\/ozonos-suisse.ch\/fr\/wp-json\/wp\/v2\/product_cat?post=1289"},{"taxonomy":"product_tag","embeddable":true,"href":"https:\/\/ozonos-suisse.ch\/fr\/wp-json\/wp\/v2\/product_tag?post=1289"}],"curies":[{"name":"wp","href":"https:\/\/api.w.org\/{rel}","templated":true}]}}