{"id":1267,"date":"2021-07-27T10:53:27","date_gmt":"2021-09-09T05:54:32","guid":{"rendered":"https:\/\/ozonos-suisse.ch\/product\/plafonnier-stella\/"},"modified":"2021-09-13T15:09:33","modified_gmt":"2021-09-13T13:09:33","slug":"plafonnier-stella","status":"publish","type":"product","link":"https:\/\/ozonos-suisse.ch\/fr\/produit\/plafonnier-stella\/","title":{"rendered":"Plafonnier Stella"},"content":{"rendered":"<p><!--block--><strong>Plafonnier avec OZONOS AC-1 PLUS int\u00e9gr\u00e9<\/strong><\/p>\n<p><!--block--><strong>Champ d&rsquo;application<br \/>\n<\/strong>1x plafonnier avec bande LED,<br \/>\n1x OZONOS AC-I PLUS int\u00e9gr\u00e9,<br \/>\n1x t\u00e9l\u00e9commande,<br \/>\n1x instructions d&rsquo;installation<strong><br \/>\n<\/strong><\/p>\n<p><strong>Informations sur les produits<br \/>\n<\/strong><!--block-->Dati tecnici<br \/>\nLongueur 1060mm, largeur 550mm, hauteur 220mm, poids 12kg, bande LED 80W 24V 5700lm 2700K CRI&gt;=90<\/p>\n<p><!--block-->Possibilit\u00e9s de connexion:<br \/>\n<!--block-->DALI, DSI, switchDIM, corridorFUNCTION, Casambi (pour le contr\u00f4le des applications, unit\u00e9 de contr\u00f4le incluse).<\/p>\n<p><!--block--><strong>Remarque<\/strong>: si vous disposez d&rsquo;une ligne d&rsquo;alimentation \u00e9lectrique \u00e0 3 p\u00f4les (courante dans les maisons anciennes), vous aurez besoin d&rsquo;au moins un c\u00e2ble suppl\u00e9mentaire en raison de la double fonction du plafonnier Stella. Il est \u00e9galement possible de contr\u00f4ler la lumi\u00e8re par le biais d&rsquo;une application. Pour cela, vous avez besoin de l&rsquo;unit\u00e9 de contr\u00f4le suppl\u00e9mentaire Casambi. <!--block-->Pour la gradation du plafonnier, vous avez besoin de DALI ou de PUSH.<\/p>\n<p>L&rsquo;OZONOS AC-I PLUS et l&rsquo;AC-I PRO ne sont pas con\u00e7us pour \u00eatre utilis\u00e9s 24 heures sur 24 et 7 jours sur 7 lorsque des personnes se trouvent en permanence dans la m\u00eame pi\u00e8ce. Dans ce cas, nous recommandons de ne pas rester dans la pi\u00e8ce pendant plus de 8 heures sans interruption lorsque l&rsquo;appareil fonctionne. OZONOS AC-I PLUS et AC-I PRO sont particuli\u00e8rement adapt\u00e9s \u00e0 un usage professionnel et \u00e0 un nettoyage plus rapide et plus intensif.<\/p>\n","protected":false},"excerpt":{"rendered":"<p>Notre nouveau plafonnier \u00ab\u00a0Stella\u00a0\u00bb convainc non seulement par son design \u00e9l\u00e9gant, mais aussi par ses valeurs int\u00e9rieures : un OZONOS AC-I PLUS int\u00e9gr\u00e9 ! Vous avez donc de la lumi\u00e8re dans votre cuisine et, en m\u00eame temps, les odeurs ind\u00e9sirables et les graisses en a\u00e9rosol sont \u00e9limin\u00e9es compl\u00e8tement et discr\u00e8tement. Le filtre \u00e0 air et la lumi\u00e8re peuvent \u00eatre allum\u00e9s s\u00e9par\u00e9ment.<\/p>\n<p><strong>Parfait au-dessus de votre \u00eelot de cuisine !<\/strong><\/p>\n","protected":false},"featured_media":286,"template":"","meta":{"_acf_changed":false,"inline_featured_image":false,"wds_primary_product_brand":0,"wds_primary_product_cat":0},"product_brand":[],"product_cat":[35],"product_tag":[],"class_list":{"0":"post-1267","1":"product","2":"type-product","3":"status-publish","4":"has-post-thumbnail","6":"product_cat-plafonnier","7":"sales-flash-overlay","8":"woocommerce-text-align-center","9":"woocommerce-image-align-center","10":"do-quantity-buttons","11":"wc-has-gallery","13":"first","14":"instock","15":"taxable","16":"shipping-taxable","17":"purchasable","18":"product-type-variable"},"acf":[],"_links":{"self":[{"href":"https:\/\/ozonos-suisse.ch\/fr\/wp-json\/wp\/v2\/product\/1267","targetHints":{"allow":["GET"]}}],"collection":[{"href":"https:\/\/ozonos-suisse.ch\/fr\/wp-json\/wp\/v2\/product"}],"about":[{"href":"https:\/\/ozonos-suisse.ch\/fr\/wp-json\/wp\/v2\/types\/product"}],"wp:featuredmedia":[{"embeddable":true,"href":"https:\/\/ozonos-suisse.ch\/fr\/wp-json\/wp\/v2\/media\/286"}],"wp:attachment":[{"href":"https:\/\/ozonos-suisse.ch\/fr\/wp-json\/wp\/v2\/media?parent=1267"}],"wp:term":[{"taxonomy":"product_brand","embeddable":true,"href":"https:\/\/ozonos-suisse.ch\/fr\/wp-json\/wp\/v2\/product_brand?post=1267"},{"taxonomy":"product_cat","embeddable":true,"href":"https:\/\/ozonos-suisse.ch\/fr\/wp-json\/wp\/v2\/product_cat?post=1267"},{"taxonomy":"product_tag","embeddable":true,"href":"https:\/\/ozonos-suisse.ch\/fr\/wp-json\/wp\/v2\/product_tag?post=1267"}],"curies":[{"name":"wp","href":"https:\/\/api.w.org\/{rel}","templated":true}]}}