{"id":1866,"date":"2024-03-01T10:19:16","date_gmt":"2024-03-01T09:19:16","guid":{"rendered":"https:\/\/ozonos-suisse.ch\/informations-sur-lexpedition\/"},"modified":"2024-03-01T10:19:20","modified_gmt":"2024-03-01T09:19:20","slug":"informations-sur-lexpedition","status":"publish","type":"page","link":"https:\/\/ozonos-suisse.ch\/fr\/informations-sur-lexpedition\/","title":{"rendered":"Informations sur l&rsquo;exp\u00e9dition"},"content":{"rendered":"<div class=\"gb-container gb-container-9cd064a1\"><div class=\"gb-inside-container\">\n\n<h2 class=\"leagl-title regular-font wp-block-heading\" style=\"font-size:64px\">Informationen zum Versand<\/h2>\n\n\n\n<h4 class=\"wp-block-heading\"><strong>Informations g\u00e9n\u00e9rales sur l&rsquo;envoi<\/strong><\/h4>\n\n\n\n<p>Dans le tableau ci-dessous, tu trouveras les options d&rsquo;exp\u00e9dition, les frais de port et les d\u00e9lais de livraison.<\/p>\n\n\n\n<h4 class=\"wp-block-heading\"><strong>Informations importantes sur l&rsquo;envoi dans d&rsquo;autres pays<\/strong><\/h4>\n\n\n\n<p>Les envois internationaux peuvent \u00eatre soumis \u00e0 des droits de douane, des taxes et autres frais qui ne sont pas inclus dans le prix total.<\/p>\n\n\n\n<h2 class=\"wp-block-heading\" style=\"font-size:24px\"><strong>Options d&rsquo;exp\u00e9dition<\/strong><\/h2>\n\n\n\n<figure class=\"wp-block-table\"><table><thead><tr><th>Option<\/th><th>Co\u00fbts<\/th><th>D\u00e9lais de livraison<\/th><\/tr><\/thead><tbody><tr><td>Suisse &amp; Liechtenstein<\/td><td>0,00 CHF<\/td><td>2 &#8211; 5 jours ouvrables<\/td><\/tr><\/tbody><\/table><\/figure>\n\n\n\n<h2 class=\"wp-block-heading\" style=\"font-size:24px\"><strong>Option d&rsquo;envoi pour les lampes<\/strong><\/h2>\n\n\n\n<figure class=\"wp-block-table\"><table><thead><tr><th>Option<\/th><th>Co\u00fbts<\/th><th>D\u00e9lais de livraison<\/th><\/tr><\/thead><tbody><tr><td>Suisse &amp; Liechtenstein<\/td><td>100,00 CHF (emballage &amp; transport)<\/td><td>2 &#8211; 5 jours ouvrables<\/td><\/tr><\/tbody><\/table><\/figure>\n\n\n\n<h4 class=\"wp-block-heading\"><strong>Pays vers lesquels nous envoyons<\/strong><\/h4>\n\n\n\n<p>Suisse &amp; Liechtenstein<\/p>\n\n<\/div><\/div>","protected":false},"excerpt":{"rendered":"<p>Informationen zum Versand Informations g\u00e9n\u00e9rales sur l&rsquo;envoi Dans le tableau ci-dessous, tu trouveras les options d&rsquo;exp\u00e9dition, les frais de port et les d\u00e9lais de livraison. Informations importantes sur l&rsquo;envoi dans d&rsquo;autres pays Les envois internationaux peuvent \u00eatre soumis \u00e0 des droits de douane, des taxes et autres frais qui ne sont pas inclus dans le &#8230; <a title=\"Informations sur l&rsquo;exp\u00e9dition\" class=\"read-more\" href=\"https:\/\/ozonos-suisse.ch\/fr\/informations-sur-lexpedition\/\" aria-label=\"En savoir plus sur Informations sur l&rsquo;exp\u00e9dition\">Lire plus<\/a><\/p>\n","protected":false},"author":1,"featured_media":0,"parent":0,"menu_order":0,"comment_status":"closed","ping_status":"closed","template":"","meta":{"_acf_changed":false,"inline_featured_image":false,"footnotes":""},"class_list":["post-1866","page","type-page","status-publish"],"acf":[],"_links":{"self":[{"href":"https:\/\/ozonos-suisse.ch\/fr\/wp-json\/wp\/v2\/pages\/1866","targetHints":{"allow":["GET"]}}],"collection":[{"href":"https:\/\/ozonos-suisse.ch\/fr\/wp-json\/wp\/v2\/pages"}],"about":[{"href":"https:\/\/ozonos-suisse.ch\/fr\/wp-json\/wp\/v2\/types\/page"}],"author":[{"embeddable":true,"href":"https:\/\/ozonos-suisse.ch\/fr\/wp-json\/wp\/v2\/users\/1"}],"replies":[{"embeddable":true,"href":"https:\/\/ozonos-suisse.ch\/fr\/wp-json\/wp\/v2\/comments?post=1866"}],"version-history":[{"count":1,"href":"https:\/\/ozonos-suisse.ch\/fr\/wp-json\/wp\/v2\/pages\/1866\/revisions"}],"predecessor-version":[{"id":1867,"href":"https:\/\/ozonos-suisse.ch\/fr\/wp-json\/wp\/v2\/pages\/1866\/revisions\/1867"}],"wp:attachment":[{"href":"https:\/\/ozonos-suisse.ch\/fr\/wp-json\/wp\/v2\/media?parent=1866"}],"curies":[{"name":"wp","href":"https:\/\/api.w.org\/{rel}","templated":true}]}}