{"id":1835,"date":"2024-03-01T09:18:22","date_gmt":"2024-03-01T08:18:22","guid":{"rendered":"https:\/\/ozonos-suisse.ch\/references\/"},"modified":"2024-03-01T09:18:24","modified_gmt":"2024-03-01T08:18:24","slug":"references","status":"publish","type":"page","link":"https:\/\/ozonos-suisse.ch\/fr\/references\/","title":{"rendered":"R\u00c9F\u00c9RENCES"},"content":{"rendered":"<div class=\"gb-container gb-container-5a847e86\"><div class=\"gb-inside-container\"><\/div><\/div><div class=\"gb-container gb-container-89c3a2c0\"><div class=\"gb-inside-container\">\n\n<h1 class=\"gb-headline gb-headline-0d8d7d43 gb-headline-text regular-font\">Ce sont les gens et<br>Des entreprises qui nous font d\u00e9j\u00e0 confiance.<\/h1>\n\n\n\n<hr class=\"wp-block-separator has-text-color has-background\" style=\"background-color:#5d8eb2;color:#5d8eb2\"\/>\n\n\n<div class=\"partner-row-referenzen\"><div class=\"referenzen-image\"><a href=\"https:\/\/www.diewerkstaette.li\/\" target=\"_blank\"><img loading=\"lazy\" decoding=\"async\" width=\"842\" height=\"595\" src=\"https:\/\/ozonos-suisse.ch\/wp-content\/uploads\/2021\/11\/Logo_mit_Hintergrund-neutral-ueberall-verwendbar.jpg\" class=\"attachment-post-thumbnail size-post-thumbnail wp-post-image\" alt=\"\" srcset=\"https:\/\/ozonos-suisse.ch\/wp-content\/uploads\/2021\/11\/Logo_mit_Hintergrund-neutral-ueberall-verwendbar.jpg 842w, https:\/\/ozonos-suisse.ch\/wp-content\/uploads\/2021\/11\/Logo_mit_Hintergrund-neutral-ueberall-verwendbar-300x212.jpg 300w, https:\/\/ozonos-suisse.ch\/wp-content\/uploads\/2021\/11\/Logo_mit_Hintergrund-neutral-ueberall-verwendbar-768x543.jpg 768w, https:\/\/ozonos-suisse.ch\/wp-content\/uploads\/2021\/11\/Logo_mit_Hintergrund-neutral-ueberall-verwendbar-600x424.jpg 600w\" sizes=\"auto, (max-width: 842px) 100vw, 842px\" \/><\/a><\/div><div class=\"referenzen-image\"><a href=\"https:\/\/www.rolfzuercher.ch\/\" target=\"_blank\"><img loading=\"lazy\" decoding=\"async\" width=\"404\" height=\"267\" src=\"https:\/\/ozonos-suisse.ch\/wp-content\/uploads\/2021\/09\/zue_logo_pos.jpg\" class=\"attachment-post-thumbnail size-post-thumbnail wp-post-image\" alt=\"\" srcset=\"https:\/\/ozonos-suisse.ch\/wp-content\/uploads\/2021\/09\/zue_logo_pos.jpg 404w, https:\/\/ozonos-suisse.ch\/wp-content\/uploads\/2021\/09\/zue_logo_pos-300x198.jpg 300w\" sizes=\"auto, (max-width: 404px) 100vw, 404px\" \/><\/a><\/div><div class=\"referenzen-image\"><a href=\"https:\/\/www.xn--kche-schweiz-dlb.ch\/\" target=\"_blank\"><img loading=\"lazy\" decoding=\"async\" width=\"1654\" height=\"2127\" src=\"https:\/\/ozonos-suisse.ch\/wp-content\/uploads\/2021\/08\/Logo_KuecheSchweiz_RGB_Outl.png\" class=\"attachment-post-thumbnail size-post-thumbnail wp-post-image\" alt=\"\" srcset=\"https:\/\/ozonos-suisse.ch\/wp-content\/uploads\/2021\/08\/Logo_KuecheSchweiz_RGB_Outl.png 1654w, https:\/\/ozonos-suisse.ch\/wp-content\/uploads\/2021\/08\/Logo_KuecheSchweiz_RGB_Outl-233x300.png 233w, https:\/\/ozonos-suisse.ch\/wp-content\/uploads\/2021\/08\/Logo_KuecheSchweiz_RGB_Outl-796x1024.png 796w, https:\/\/ozonos-suisse.ch\/wp-content\/uploads\/2021\/08\/Logo_KuecheSchweiz_RGB_Outl-768x988.png 768w, https:\/\/ozonos-suisse.ch\/wp-content\/uploads\/2021\/08\/Logo_KuecheSchweiz_RGB_Outl-1194x1536.png 1194w, https:\/\/ozonos-suisse.ch\/wp-content\/uploads\/2021\/08\/Logo_KuecheSchweiz_RGB_Outl-1593x2048.png 1593w, https:\/\/ozonos-suisse.ch\/wp-content\/uploads\/2021\/08\/Logo_KuecheSchweiz_RGB_Outl-300x386.png 300w, https:\/\/ozonos-suisse.ch\/wp-content\/uploads\/2021\/08\/Logo_KuecheSchweiz_RGB_Outl-600x772.png 600w\" sizes=\"auto, (max-width: 1654px) 100vw, 1654px\" \/><\/a><\/div><div class=\"referenzen-image\"><a href=\"https:\/\/www.werkhaus.ch\/home.html\" target=\"_blank\"><img loading=\"lazy\" decoding=\"async\" width=\"1699\" height=\"495\" src=\"https:\/\/ozonos-suisse.ch\/wp-content\/uploads\/2021\/08\/schoch-logo-09.jpg\" class=\"attachment-post-thumbnail size-post-thumbnail wp-post-image\" alt=\"\" srcset=\"https:\/\/ozonos-suisse.ch\/wp-content\/uploads\/2021\/08\/schoch-logo-09.jpg 1699w, https:\/\/ozonos-suisse.ch\/wp-content\/uploads\/2021\/08\/schoch-logo-09-300x87.jpg 300w, https:\/\/ozonos-suisse.ch\/wp-content\/uploads\/2021\/08\/schoch-logo-09-1024x298.jpg 1024w, https:\/\/ozonos-suisse.ch\/wp-content\/uploads\/2021\/08\/schoch-logo-09-768x224.jpg 768w, https:\/\/ozonos-suisse.ch\/wp-content\/uploads\/2021\/08\/schoch-logo-09-1536x448.jpg 1536w, https:\/\/ozonos-suisse.ch\/wp-content\/uploads\/2021\/08\/schoch-logo-09-600x175.jpg 600w\" sizes=\"auto, (max-width: 1699px) 100vw, 1699px\" \/><\/a><\/div><div class=\"referenzen-image\"><a href=\"https:\/\/www.mamastove.ch\/\" target=\"_blank\"><img loading=\"lazy\" decoding=\"async\" width=\"337\" height=\"138\" src=\"https:\/\/ozonos-suisse.ch\/wp-content\/uploads\/2021\/08\/Mama-Stove.jpg\" class=\"attachment-post-thumbnail size-post-thumbnail wp-post-image\" alt=\"\" srcset=\"https:\/\/ozonos-suisse.ch\/wp-content\/uploads\/2021\/08\/Mama-Stove.jpg 337w, https:\/\/ozonos-suisse.ch\/wp-content\/uploads\/2021\/08\/Mama-Stove-300x123.jpg 300w\" sizes=\"auto, (max-width: 337px) 100vw, 337px\" \/><\/a><\/div><div class=\"referenzen-image\"><a href=\"https:\/\/www.matterhorn-focus.ch\/\" target=\"_blank\"><img loading=\"lazy\" decoding=\"async\" width=\"1575\" height=\"877\" src=\"https:\/\/ozonos-suisse.ch\/wp-content\/uploads\/2021\/08\/Logo_MF_cmyk.jpg\" class=\"attachment-post-thumbnail size-post-thumbnail wp-post-image\" alt=\"\" srcset=\"https:\/\/ozonos-suisse.ch\/wp-content\/uploads\/2021\/08\/Logo_MF_cmyk.jpg 1575w, https:\/\/ozonos-suisse.ch\/wp-content\/uploads\/2021\/08\/Logo_MF_cmyk-300x167.jpg 300w, https:\/\/ozonos-suisse.ch\/wp-content\/uploads\/2021\/08\/Logo_MF_cmyk-1024x570.jpg 1024w, https:\/\/ozonos-suisse.ch\/wp-content\/uploads\/2021\/08\/Logo_MF_cmyk-768x428.jpg 768w, https:\/\/ozonos-suisse.ch\/wp-content\/uploads\/2021\/08\/Logo_MF_cmyk-1536x855.jpg 1536w, https:\/\/ozonos-suisse.ch\/wp-content\/uploads\/2021\/08\/Logo_MF_cmyk-600x334.jpg 600w\" sizes=\"auto, (max-width: 1575px) 100vw, 1575px\" \/><\/a><\/div><div class=\"referenzen-image\"><a href=\"\" target=\"_blank\"><img loading=\"lazy\" decoding=\"async\" width=\"915\" height=\"295\" src=\"https:\/\/ozonos-suisse.ch\/wp-content\/uploads\/2021\/08\/Logo-Waelti-2012-001.jpg\" class=\"attachment-post-thumbnail size-post-thumbnail wp-post-image\" alt=\"\" srcset=\"https:\/\/ozonos-suisse.ch\/wp-content\/uploads\/2021\/08\/Logo-Waelti-2012-001.jpg 915w, https:\/\/ozonos-suisse.ch\/wp-content\/uploads\/2021\/08\/Logo-Waelti-2012-001-300x97.jpg 300w, https:\/\/ozonos-suisse.ch\/wp-content\/uploads\/2021\/08\/Logo-Waelti-2012-001-768x248.jpg 768w, https:\/\/ozonos-suisse.ch\/wp-content\/uploads\/2021\/08\/Logo-Waelti-2012-001-600x193.jpg 600w\" sizes=\"auto, (max-width: 915px) 100vw, 915px\" \/><\/a><\/div><div class=\"referenzen-image\"><a href=\"https:\/\/www.kideal.ch\/\" target=\"_blank\"><img loading=\"lazy\" decoding=\"async\" width=\"263\" height=\"103\" src=\"https:\/\/ozonos-suisse.ch\/wp-content\/uploads\/2021\/08\/kideal.jpg\" class=\"attachment-post-thumbnail size-post-thumbnail wp-post-image\" alt=\"\" \/><\/a><\/div><\/div>\n\n\n\n<hr class=\"wp-block-separator has-text-color has-background\" style=\"background-color:#5d8eb2;color:#5d8eb2\"\/>\n\n\n\n<hr class=\"wp-block-separator has-text-color has-background has-white-background-color has-white-color\"\/>\n\n\n\n<hr class=\"wp-block-separator has-text-color has-background has-white-background-color has-white-color\"\/>\n\n\n\n<h2 class=\"gb-headline gb-headline-b8dd51d4 gb-headline-text regular-font\">CE QUE DISENT LES UTILISATEURS D&rsquo;OZONOS<\/h2>\n\n\n\n<hr class=\"wp-block-separator has-text-color has-background top-title-separator\" style=\"background-color:#5d8eb2;color:#5d8eb2\"\/>\n\n\n<div class=\"testimonials-row\"><div class=\"testimonials-single\"><div class=\"testimonials-descirption\"><p>\u00ab\u00a0Dans notre centre d&rsquo;aff\u00fbtage de skis, nous avions jusqu&rsquo;\u00e0 pr\u00e9sent toujours de fortes \u00e9missions d&rsquo;odeurs. Gr\u00e2ce au nettoyeur d&rsquo;air mobile OZONOS, nous profitons d\u00e9sormais d&rsquo;un air propre et frais. Nous ne pouvons que recommander OZONOS !\u00a0\u00bb<\/p>\n<\/div><div class=\"testimonials-image\"><img loading=\"lazy\" decoding=\"async\" width=\"1128\" height=\"385\" src=\"https:\/\/ozonos-suisse.ch\/wp-content\/uploads\/2022\/05\/VoitLogo_energy_neu.jpg\" class=\"attachment-post-thumbnail size-post-thumbnail wp-post-image\" alt=\"\" srcset=\"https:\/\/ozonos-suisse.ch\/wp-content\/uploads\/2022\/05\/VoitLogo_energy_neu.jpg 1128w, https:\/\/ozonos-suisse.ch\/wp-content\/uploads\/2022\/05\/VoitLogo_energy_neu-300x102.jpg 300w, https:\/\/ozonos-suisse.ch\/wp-content\/uploads\/2022\/05\/VoitLogo_energy_neu-1024x350.jpg 1024w, https:\/\/ozonos-suisse.ch\/wp-content\/uploads\/2022\/05\/VoitLogo_energy_neu-768x262.jpg 768w, https:\/\/ozonos-suisse.ch\/wp-content\/uploads\/2022\/05\/VoitLogo_energy_neu-600x205.jpg 600w\" sizes=\"auto, (max-width: 1128px) 100vw, 1128px\" \/><\/div><div class=\"testimonials-title\"><h4 class=\"h4-testimonials-title\">Roger Huber<\/h4><h6 class=\"h6-testimonials-title\">Voitsport<\/h6><\/div><\/div><div class=\"testimonials-single\"><div class=\"testimonials-descirption\"><p>\u00bbLes appareils OZONOS sont utilis\u00e9s au restaurant Don Leone. Nous sommes tr\u00e8s satisfaits des performances des appareils et nous avons d\u00e9j\u00e0 re\u00e7u des commentaires positifs de nos clients. Avec leur design moderne et leur facilit\u00e9 d&rsquo;utilisation, ils sont parfaits pour nos besoins. En priv\u00e9 aussi, nous avons tout de suite achet\u00e9 un Aircleaner OZONOS !\u00a0\u00bb<\/p>\n<\/div><div class=\"testimonials-image\"><\/div><div class=\"testimonials-title\"><h4 class=\"h4-testimonials-title\">Nadia Beck<\/h4><h6 class=\"h6-testimonials-title\">Restaurant Don Leone<\/h6><\/div><\/div><div class=\"testimonials-single\"><div class=\"testimonials-descirption\"><p>\u00bbNous utilisons OZONOS\u00ae dans la caf\u00e9t\u00e9ria ainsi que dans les salles de r\u00e9union. Nous offrons ainsi une s\u00e9curit\u00e9 non seulement \u00e0 nos collaborateurs, mais aussi \u00e0 nos clients, et nous contribuons ainsi de mani\u00e8re importante \u00e0 la lutte et \u00e0 l&rsquo;\u00e9limination des virus. Le design moderne et innovant rend le produit attractif et enthousiasme les clients. OZONOS\u00ae nous convainc!\u00ab<\/p>\n<\/div><div class=\"testimonials-image\"><img loading=\"lazy\" decoding=\"async\" width=\"1699\" height=\"495\" src=\"https:\/\/ozonos-suisse.ch\/wp-content\/uploads\/2021\/09\/schoch-logo-09.jpg\" class=\"attachment-post-thumbnail size-post-thumbnail wp-post-image\" alt=\"\" srcset=\"https:\/\/ozonos-suisse.ch\/wp-content\/uploads\/2021\/09\/schoch-logo-09.jpg 1699w, https:\/\/ozonos-suisse.ch\/wp-content\/uploads\/2021\/09\/schoch-logo-09-300x87.jpg 300w, https:\/\/ozonos-suisse.ch\/wp-content\/uploads\/2021\/09\/schoch-logo-09-1024x298.jpg 1024w, https:\/\/ozonos-suisse.ch\/wp-content\/uploads\/2021\/09\/schoch-logo-09-768x224.jpg 768w, https:\/\/ozonos-suisse.ch\/wp-content\/uploads\/2021\/09\/schoch-logo-09-1536x448.jpg 1536w, https:\/\/ozonos-suisse.ch\/wp-content\/uploads\/2021\/09\/schoch-logo-09-600x175.jpg 600w\" sizes=\"auto, (max-width: 1699px) 100vw, 1699px\" \/><\/div><div class=\"testimonials-title\"><h4 class=\"h4-testimonials-title\">Simona Schoch<\/h4><h6 class=\"h6-testimonials-title\"><\/h6><\/div><\/div><div class=\"testimonials-single\"><div class=\"testimonials-descirption\"><p>\u00bbDepuis que nous avons OZONOS, notre ancienne hotte aspirante dans la cuisine n&rsquo;est plus qu&rsquo;une d\u00e9coration. Cela fonctionne vraiment, l&rsquo;air a un go\u00fbt de propret\u00e9 et la graisse a disparu. Le climat s&rsquo;est \u00e9galement sensiblement am\u00e9lior\u00e9 dans le local \u00e0 chaussures. Je recommanderai sans aucun doute OZONOS \u00e0 d&rsquo;autres personnes.\u00ab<\/p>\n<\/div><div class=\"testimonials-image\"><img loading=\"lazy\" decoding=\"async\" width=\"351\" height=\"424\" src=\"https:\/\/ozonos-suisse.ch\/wp-content\/uploads\/2021\/09\/Picture-1.jpg\" class=\"attachment-post-thumbnail size-post-thumbnail wp-post-image\" alt=\"\" srcset=\"https:\/\/ozonos-suisse.ch\/wp-content\/uploads\/2021\/09\/Picture-1.jpg 351w, https:\/\/ozonos-suisse.ch\/wp-content\/uploads\/2021\/09\/Picture-1-248x300.jpg 248w, https:\/\/ozonos-suisse.ch\/wp-content\/uploads\/2021\/09\/Picture-1-300x362.jpg 300w\" sizes=\"auto, (max-width: 351px) 100vw, 351px\" \/><\/div><div class=\"testimonials-title\"><h4 class=\"h4-testimonials-title\">Stefan Aeschbach<\/h4><h6 class=\"h6-testimonials-title\">Priv\u00e9<\/h6><\/div><\/div><div class=\"testimonials-single\"><div class=\"testimonials-descirption\"><p>\u00bbTous nos clients sont enthousiastes \u00e0 propos de ces appareils. Que ce soit dans les restaurants, les chambres d&rsquo;h\u00f4tel, les clubs de fitness, les magasins de sport, les bureaux ou les espaces priv\u00e9s. Le nettoyeur d&rsquo;air OZONOS entra\u00eene une am\u00e9lioration consid\u00e9rable de la qualit\u00e9 de l&rsquo;air dans toutes les situations !\u00a0\u00bb<\/p>\n<\/div><div class=\"testimonials-image\"><img loading=\"lazy\" decoding=\"async\" width=\"915\" height=\"295\" src=\"https:\/\/ozonos-suisse.ch\/wp-content\/uploads\/2021\/07\/Logo-Wa\u0308lti-2012-001.jpg\" class=\"attachment-post-thumbnail size-post-thumbnail wp-post-image\" alt=\"\" srcset=\"https:\/\/ozonos-suisse.ch\/wp-content\/uploads\/2021\/07\/Logo-Wa\u0308lti-2012-001.jpg 915w, https:\/\/ozonos-suisse.ch\/wp-content\/uploads\/2021\/07\/Logo-Wa\u0308lti-2012-001-300x97.jpg 300w, https:\/\/ozonos-suisse.ch\/wp-content\/uploads\/2021\/07\/Logo-Wa\u0308lti-2012-001-768x248.jpg 768w, https:\/\/ozonos-suisse.ch\/wp-content\/uploads\/2021\/07\/Logo-Wa\u0308lti-2012-001-600x193.jpg 600w\" sizes=\"auto, (max-width: 915px) 100vw, 915px\" \/><\/div><div class=\"testimonials-title\"><h4 class=\"h4-testimonials-title\">Matthias Meyer<\/h4><h6 class=\"h6-testimonials-title\">W\u00e4lti Luft- und Klimatechnik AG<\/h6><\/div><\/div><div class=\"testimonials-single\"><div class=\"testimonials-descirption\"><p>\u00bbParfait pour notre h\u00f4tel design! Le nettoyeur d&rsquo;air mobile OZONOS ne fait pas que rafra\u00eechir et purifier l&rsquo;air, il est aussi super esth\u00e9tique. Cet appareil pratique peut \u00eatre utilis\u00e9 partout, m\u00eame dans les centres de bien-\u00eatre. Gr\u00e2ce \u00e0 la purification rapide et intensive de l&rsquo;air, les bact\u00e9ries et les virus sont directement \u00e9limin\u00e9s.<br \/>\nNous mettons l&rsquo;accent sur la s\u00e9curit\u00e9 personnelle de nos h\u00f4tes et de nos collaborateurs* et l&rsquo;utilisation d&rsquo;OZONOS nous permet d&rsquo;\u00e9largir consid\u00e9rablement notre concept de protection\u00a0\u00bb.<\/p>\n<\/div><div class=\"testimonials-image\"><img loading=\"lazy\" decoding=\"async\" width=\"1575\" height=\"877\" src=\"https:\/\/ozonos-suisse.ch\/wp-content\/uploads\/2021\/07\/Logo_MF_cmyk.jpg\" class=\"attachment-post-thumbnail size-post-thumbnail wp-post-image\" alt=\"\" srcset=\"https:\/\/ozonos-suisse.ch\/wp-content\/uploads\/2021\/07\/Logo_MF_cmyk.jpg 1575w, https:\/\/ozonos-suisse.ch\/wp-content\/uploads\/2021\/07\/Logo_MF_cmyk-300x167.jpg 300w, https:\/\/ozonos-suisse.ch\/wp-content\/uploads\/2021\/07\/Logo_MF_cmyk-1024x570.jpg 1024w, https:\/\/ozonos-suisse.ch\/wp-content\/uploads\/2021\/07\/Logo_MF_cmyk-768x428.jpg 768w, https:\/\/ozonos-suisse.ch\/wp-content\/uploads\/2021\/07\/Logo_MF_cmyk-1536x855.jpg 1536w, https:\/\/ozonos-suisse.ch\/wp-content\/uploads\/2021\/07\/Logo_MF_cmyk-600x334.jpg 600w\" sizes=\"auto, (max-width: 1575px) 100vw, 1575px\" \/><\/div><div class=\"testimonials-title\"><h4 class=\"h4-testimonials-title\">Christian Noti et Patrizia Gasser<\/h4><h6 class=\"h6-testimonials-title\">Design H\u00f4tel Matterhorn Focus Zermatt<\/h6><\/div><\/div><div class=\"testimonials-single\"><div class=\"testimonials-descirption\"><p>\u00ab\u00a0Qu&rsquo;il s&rsquo;agisse d&rsquo;odeurs provenant de la cuisine ou de couches usag\u00e9es et de v\u00eatements humides apr\u00e8s la visite de l&rsquo;aire de jeux, gr\u00e2ce aux appareils OZONOS install\u00e9s dans nos 18 cr\u00e8ches du groupe kid\u00e9al, les collaborateurs, les enfants et aussi les parents peuvent \u00e0 tout moment respirer sans souci. Le fait que non seulement ces odeurs disparaissent comme par magie, mais que les germes et les virus g\u00eanants soient \u00e9galement d\u00e9truits, constitue un formidable avantage suppl\u00e9mentaire en termes de s\u00e9curit\u00e9 pour tous les visiteurs de nos cr\u00e8ches\u00a0\u00bb.<\/p>\n<\/div><div class=\"testimonials-image\"><img loading=\"lazy\" decoding=\"async\" width=\"263\" height=\"103\" src=\"https:\/\/ozonos-suisse.ch\/wp-content\/uploads\/2021\/07\/kide\u0301al.jpg\" class=\"attachment-post-thumbnail size-post-thumbnail wp-post-image\" alt=\"\" \/><\/div><div class=\"testimonials-title\"><h4 class=\"h4-testimonials-title\">Renato Zanetti<\/h4><h6 class=\"h6-testimonials-title\">kid\u00e9al<\/h6><\/div><\/div><div class=\"testimonials-single\"><div class=\"testimonials-descirption\"><p>\u00ab\u00a0OZONOS nous a convaincus d\u00e8s le premier test, nous utilisons l&rsquo;appareil dans notre salle de d\u00e9gustation pour purifier l&rsquo;air et neutraliser les odeurs. Pour limiter les odeurs de nos menus raffin\u00e9s ou les \u00e9liminer compl\u00e8tement de la salle de r\u00e9union, OZONOS repr\u00e9sente la solution la plus efficace que nous ayons rencontr\u00e9e sur le march\u00e9 jusqu&rsquo;\u00e0 pr\u00e9sent\u00a0\u00bb.<\/p>\n<\/div><div class=\"testimonials-image\"><img loading=\"lazy\" decoding=\"async\" width=\"2560\" height=\"1707\" src=\"https:\/\/ozonos-suisse.ch\/wp-content\/uploads\/2021\/07\/IMG_5263_Benjamin_Keil_EBBING-scaled.jpg\" class=\"attachment-post-thumbnail size-post-thumbnail wp-post-image\" alt=\"\" srcset=\"https:\/\/ozonos-suisse.ch\/wp-content\/uploads\/2021\/07\/IMG_5263_Benjamin_Keil_EBBING-scaled.jpg 2560w, https:\/\/ozonos-suisse.ch\/wp-content\/uploads\/2021\/07\/IMG_5263_Benjamin_Keil_EBBING-300x200.jpg 300w, https:\/\/ozonos-suisse.ch\/wp-content\/uploads\/2021\/07\/IMG_5263_Benjamin_Keil_EBBING-1024x683.jpg 1024w, https:\/\/ozonos-suisse.ch\/wp-content\/uploads\/2021\/07\/IMG_5263_Benjamin_Keil_EBBING-768x512.jpg 768w, https:\/\/ozonos-suisse.ch\/wp-content\/uploads\/2021\/07\/IMG_5263_Benjamin_Keil_EBBING-1536x1024.jpg 1536w, https:\/\/ozonos-suisse.ch\/wp-content\/uploads\/2021\/07\/IMG_5263_Benjamin_Keil_EBBING-2048x1366.jpg 2048w, https:\/\/ozonos-suisse.ch\/wp-content\/uploads\/2021\/07\/IMG_5263_Benjamin_Keil_EBBING-600x400.jpg 600w\" sizes=\"auto, (max-width: 2560px) 100vw, 2560px\" \/><\/div><div class=\"testimonials-title\"><h4 class=\"h4-testimonials-title\">Benjamin Keil<\/h4><h6 class=\"h6-testimonials-title\">Menus premium MAMA STOVE<\/h6><\/div><\/div><\/div>\n\n<\/div><\/div>","protected":false},"excerpt":{"rendered":"<p>Ce sont les gens etDes entreprises qui nous font d\u00e9j\u00e0 confiance. CE QUE DISENT LES UTILISATEURS D&rsquo;OZONOS<\/p>\n","protected":false},"author":1,"featured_media":0,"parent":0,"menu_order":0,"comment_status":"closed","ping_status":"closed","template":"","meta":{"_acf_changed":false,"inline_featured_image":false,"footnotes":""},"class_list":["post-1835","page","type-page","status-publish","hentry"],"acf":[],"_links":{"self":[{"href":"https:\/\/ozonos-suisse.ch\/fr\/wp-json\/wp\/v2\/pages\/1835","targetHints":{"allow":["GET"]}}],"collection":[{"href":"https:\/\/ozonos-suisse.ch\/fr\/wp-json\/wp\/v2\/pages"}],"about":[{"href":"https:\/\/ozonos-suisse.ch\/fr\/wp-json\/wp\/v2\/types\/page"}],"author":[{"embeddable":true,"href":"https:\/\/ozonos-suisse.ch\/fr\/wp-json\/wp\/v2\/users\/1"}],"replies":[{"embeddable":true,"href":"https:\/\/ozonos-suisse.ch\/fr\/wp-json\/wp\/v2\/comments?post=1835"}],"version-history":[{"count":1,"href":"https:\/\/ozonos-suisse.ch\/fr\/wp-json\/wp\/v2\/pages\/1835\/revisions"}],"predecessor-version":[{"id":1836,"href":"https:\/\/ozonos-suisse.ch\/fr\/wp-json\/wp\/v2\/pages\/1835\/revisions\/1836"}],"wp:attachment":[{"href":"https:\/\/ozonos-suisse.ch\/fr\/wp-json\/wp\/v2\/media?parent=1835"}],"curies":[{"name":"wp","href":"https:\/\/api.w.org\/{rel}","templated":true}]}}