{"id":1825,"date":"2024-03-01T00:48:47","date_gmt":"2024-02-29T23:48:47","guid":{"rendered":"https:\/\/ozonos-suisse.ch\/a-propos-de-nous\/"},"modified":"2024-03-01T00:48:51","modified_gmt":"2024-02-29T23:48:51","slug":"a-propos-de-nous","status":"publish","type":"page","link":"https:\/\/ozonos-suisse.ch\/fr\/a-propos-de-nous\/","title":{"rendered":"\u00c0 propos de nous"},"content":{"rendered":"<div class=\"gb-container gb-container-8c3ebca9\"><div class=\"gb-inside-container\"><\/div><\/div><div class=\"gb-container gb-container-423efb6c\"><div class=\"gb-inside-container\">\n\n<h1 class=\"gb-headline gb-headline-df547473 gb-headline-text regular-font\">Ce sont les gens<br>derri\u00e8re OZONOS Suisse<\/h1>\n\n\n\n<hr class=\"wp-block-separator has-text-color has-background is-style-default no-margin-hr\" style=\"background-color:#5d8eb2;color:#5d8eb2\"\/>\n\n\n\n<figure class=\"wp-block-embed is-type-video is-provider-youtube wp-block-embed-youtube wp-embed-aspect-16-9 wp-has-aspect-ratio\"><div class=\"wp-block-embed__wrapper\">\n<iframe loading=\"lazy\" title=\"&quot;Die Lage ist ernster, als ich dachte...&quot; - Roland Trettl setzt auf OZONOS\" width=\"1200\" height=\"675\" src=\"https:\/\/www.youtube.com\/embed\/CKb6HlbJMms?feature=oembed\" frameborder=\"0\" allow=\"accelerometer; autoplay; clipboard-write; encrypted-media; gyroscope; picture-in-picture; web-share\" allowfullscreen><\/iframe>\n<\/div><\/figure>\n\n\n\n<hr class=\"wp-block-separator has-text-color has-background is-style-default\" style=\"background-color:#5d8eb2;color:#5d8eb2\"\/>\n\n<\/div><\/div><div class=\"gb-container gb-container-f35cc5ee\"><div class=\"gb-inside-container\">\n\n<h2 class=\"gb-headline gb-headline-b3823d6e gb-headline-text regular-font\">NOUS SOMMES OZONOS SUISSE<\/h2>\n\n\n\n<p>OZONOS Schweiz GmbH a \u00e9t\u00e9 fond\u00e9e en 2018 en tant que filiale ind\u00e9pendante d&rsquo;OZONOS GmbH. Christian M\u00fcller et Karsten Jung dirigent OZONOS Schweiz GmbH et sont eux-m\u00eames responsables des march\u00e9s suisse et liechtensteinois.<\/p>\n\n\n<div class=\"gb-grid-wrapper gb-grid-wrapper-41fbb663\">\n<div class=\"gb-grid-column gb-grid-column-c6ca7a7f\"><div class=\"gb-container gb-container-c6ca7a7f\"><div class=\"gb-inside-container\"><\/div><\/div><\/div>\n\n<div class=\"gb-grid-column gb-grid-column-c2857776\"><div class=\"gb-container gb-container-c2857776\"><div class=\"gb-inside-container\">\n<div class=\"team-row\"><div class=\"team-info\"><img decoding=\"async\" src=\"https:\/\/ozonos-suisse.ch\/wp-content\/uploads\/2021\/08\/DSC_0250.png\" \/><h3 class=\"team-title bold-font\">Christian M\u00fcller<\/h3><p class=\"team-position regular-font\">Associ\u00e9 g\u00e9rant \/ CEO<\/p><p class=\"team-email\"><a href=\"mailto:cm@ozonos.ch\" class=\"light-font\">cm@ozonos.ch<\/a> <\/p><\/div><div class=\"team-info\"><img decoding=\"async\" src=\"https:\/\/ozonos-suisse.ch\/wp-content\/uploads\/2021\/08\/DSC_0255.png\" \/><h3 class=\"team-title bold-font\">Karsten Jung<\/h3><p class=\"team-position regular-font\">Associ\u00e9 g\u00e9rant \/ CEO<\/p><p class=\"team-email\"><a href=\"mailto:kj@ozonos.ch\" class=\"light-font\">kj@ozonos.ch<\/a> <\/p><\/div><\/div>\n\n<\/div><\/div><\/div>\n\n<div class=\"gb-grid-column gb-grid-column-6013e0ca\"><div class=\"gb-container gb-container-6013e0ca\"><div class=\"gb-inside-container\"><\/div><\/div><\/div>\n<\/div>\n<\/div><\/div><div class=\"gb-container gb-container-6c028d13\"><div class=\"gb-inside-container\">\n\n<hr class=\"wp-block-separator has-text-color has-background is-style-default\" style=\"background-color:#5d8eb2;color:#5d8eb2\"\/>\n\n\n\n<h4 class=\"gb-headline gb-headline-cd59b970 gb-headline-text italic-font mobile-smaller\">\u00ab\u00a0Nous voulons faire en sorte que ce miracle de l&rsquo;air frais s&rsquo;installe dans chaque foyer de Suisse et du Liechtenstein et garantir ainsi une contribution \u00e0 l&rsquo;air frais dans vos locaux\u00a0\u00bb.<\/h4>\n\n\n\n<hr class=\"wp-block-separator has-text-color has-background is-style-default no-margin-hr-down\" style=\"background-color:#5d8eb2;color:#5d8eb2\"\/>\n\n<\/div><\/div>","protected":false},"excerpt":{"rendered":"<p>Ce sont les gensderri\u00e8re OZONOS Suisse NOUS SOMMES OZONOS SUISSE OZONOS Schweiz GmbH a \u00e9t\u00e9 fond\u00e9e en 2018 en tant que filiale ind\u00e9pendante d&rsquo;OZONOS GmbH. Christian M\u00fcller et Karsten Jung dirigent OZONOS Schweiz GmbH et sont eux-m\u00eames responsables des march\u00e9s suisse et liechtensteinois. \u00ab\u00a0Nous voulons faire en sorte que ce miracle de l&rsquo;air frais s&rsquo;installe &#8230; <a title=\"Karsten Jung\" class=\"read-more\" href=\"https:\/\/ozonos-suisse.ch\/fr\/team\/karsten-jung-2\/\" aria-label=\"En savoir plus sur Karsten Jung\">Lire plus<\/a><\/p>\n","protected":false},"author":1,"featured_media":0,"parent":0,"menu_order":0,"comment_status":"closed","ping_status":"closed","template":"","meta":{"_acf_changed":false,"inline_featured_image":false,"footnotes":""},"class_list":["post-1825","page","type-page","status-publish","hentry"],"acf":[],"_links":{"self":[{"href":"https:\/\/ozonos-suisse.ch\/fr\/wp-json\/wp\/v2\/pages\/1825","targetHints":{"allow":["GET"]}}],"collection":[{"href":"https:\/\/ozonos-suisse.ch\/fr\/wp-json\/wp\/v2\/pages"}],"about":[{"href":"https:\/\/ozonos-suisse.ch\/fr\/wp-json\/wp\/v2\/types\/page"}],"author":[{"embeddable":true,"href":"https:\/\/ozonos-suisse.ch\/fr\/wp-json\/wp\/v2\/users\/1"}],"replies":[{"embeddable":true,"href":"https:\/\/ozonos-suisse.ch\/fr\/wp-json\/wp\/v2\/comments?post=1825"}],"version-history":[{"count":2,"href":"https:\/\/ozonos-suisse.ch\/fr\/wp-json\/wp\/v2\/pages\/1825\/revisions"}],"predecessor-version":[{"id":1865,"href":"https:\/\/ozonos-suisse.ch\/fr\/wp-json\/wp\/v2\/pages\/1825\/revisions\/1865"}],"wp:attachment":[{"href":"https:\/\/ozonos-suisse.ch\/fr\/wp-json\/wp\/v2\/media?parent=1825"}],"curies":[{"name":"wp","href":"https:\/\/api.w.org\/{rel}","templated":true}]}}