{"id":1811,"date":"2024-03-01T00:12:37","date_gmt":"2024-02-29T23:12:37","guid":{"rendered":"https:\/\/ozonos-suisse.ch\/medias\/"},"modified":"2024-03-01T00:12:38","modified_gmt":"2024-02-29T23:12:38","slug":"medias","status":"publish","type":"page","link":"https:\/\/ozonos-suisse.ch\/fr\/medias\/","title":{"rendered":"M\u00e9dias"},"content":{"rendered":"<div class=\"gb-container gb-container-92fca753\"><div class=\"gb-inside-container\"><\/div><\/div><div class=\"gb-container gb-container-4a80bdf1\"><div class=\"gb-inside-container\">\n\n<h1 class=\"gb-headline gb-headline-6b5cd9a6 gb-headline-text regular-font\">Ce que d&rsquo;autres racontent<br>sur notre produit.<\/h1>\n\n\n\n<hr class=\"wp-block-separator has-text-color has-background is-style-default no-margin-hr\" style=\"background-color:#5d8eb2;color:#5d8eb2\"\/>\n\n<\/div><\/div><div class=\"gb-container gb-container-544ba83e\"><div class=\"gb-inside-container\">\n<div class=\"medien-row\"><div class=\"medien-single\"><h4 class=\"medien-subtitle bold-font\">Extrait de NZZ Residence<\/h4><div class=\"medien-info\"><div class=\"medien-content\"><h3 class=\"medien-title regular-font\">R\u00e9sidence<\/h3><p class=\"medien-description light-font\">OZONOS Aircleaner \u00e9limine les virus (par ex. Covid-19), les germes, les bact\u00e9ries, les odeurs, les spores de moisissures, les allerg\u00e8nes et bien d'autres choses encore - de mani\u00e8re naturelle et en outre 100% inoffensive pour l'homme et l'animal.<\/p><p class=\"medien-button\"><a href=\"https:\/\/ozonos-suisse.ch\/wp-content\/uploads\/2021\/08\/Residence_Galerie_2020.pdf\" target=\"_blank\" class=\"light-font\">Plus de d\u00e9tails<\/a> <\/p><\/div><div class=\"medien-image\"><img loading=\"lazy\" decoding=\"async\" width=\"2560\" height=\"1707\" src=\"https:\/\/ozonos-suisse.ch\/wp-content\/uploads\/2021\/08\/Bild-NZZ-Residence-scaled.jpg\" class=\"attachment-post-thumbnail size-post-thumbnail wp-post-image\" alt=\"\" srcset=\"https:\/\/ozonos-suisse.ch\/wp-content\/uploads\/2021\/08\/Bild-NZZ-Residence-scaled.jpg 2560w, https:\/\/ozonos-suisse.ch\/wp-content\/uploads\/2021\/08\/Bild-NZZ-Residence-300x200.jpg 300w, https:\/\/ozonos-suisse.ch\/wp-content\/uploads\/2021\/08\/Bild-NZZ-Residence-1024x683.jpg 1024w, https:\/\/ozonos-suisse.ch\/wp-content\/uploads\/2021\/08\/Bild-NZZ-Residence-768x512.jpg 768w, https:\/\/ozonos-suisse.ch\/wp-content\/uploads\/2021\/08\/Bild-NZZ-Residence-1536x1024.jpg 1536w, https:\/\/ozonos-suisse.ch\/wp-content\/uploads\/2021\/08\/Bild-NZZ-Residence-2048x1365.jpg 2048w, https:\/\/ozonos-suisse.ch\/wp-content\/uploads\/2021\/08\/Bild-NZZ-Residence-600x400.jpg 600w\" sizes=\"auto, (max-width: 2560px) 100vw, 2560px\" \/><\/div><\/div><\/div><div class=\"medien-single\"><h4 class=\"medien-subtitle bold-font\">Extrait du Magazine de l'\u00e9conomie et du sport<\/h4><div class=\"medien-info\"><div class=\"medien-content\"><h3 class=\"medien-title regular-font\">Retour \u00e0 la normale avec les Aircleaners mobiles<\/h3><p class=\"medien-description light-font\">Toux, \u00e9ternuements, acclamations, chants de supporters. Le fait que les a\u00e9rosols en suspension dans l'air repr\u00e9sentent le plus grand risque de contagion reste valable. Avec OZONOS, le nettoyage de l'air ambiant doit d\u00e9sormais devenir un \u00e9l\u00e9ment essentiel des concepts d'hygi\u00e8ne - et offrir une nouvelle s\u00e9curit\u00e9 aux associations et aux organisateurs.<\/p><p class=\"medien-button\"><a href=\"https:\/\/ozonos-suisse.ch\/wp-content\/uploads\/2021\/08\/2020-09-Sport-Business.pdf\" target=\"_blank\" class=\"light-font\">Plus de d\u00e9tails<\/a> <\/p><\/div><div class=\"medien-image\"><img loading=\"lazy\" decoding=\"async\" width=\"760\" height=\"772\" src=\"https:\/\/ozonos-suisse.ch\/wp-content\/uploads\/2021\/08\/Artikel-Wirtschaft-und-Sport.png\" class=\"attachment-post-thumbnail size-post-thumbnail wp-post-image\" alt=\"\" srcset=\"https:\/\/ozonos-suisse.ch\/wp-content\/uploads\/2021\/08\/Artikel-Wirtschaft-und-Sport.png 760w, https:\/\/ozonos-suisse.ch\/wp-content\/uploads\/2021\/08\/Artikel-Wirtschaft-und-Sport-295x300.png 295w, https:\/\/ozonos-suisse.ch\/wp-content\/uploads\/2021\/08\/Artikel-Wirtschaft-und-Sport-300x305.png 300w, https:\/\/ozonos-suisse.ch\/wp-content\/uploads\/2021\/08\/Artikel-Wirtschaft-und-Sport-600x609.png 600w\" sizes=\"auto, (max-width: 760px) 100vw, 760px\" \/><\/div><\/div><\/div><div class=\"medien-single\"><h4 class=\"medien-subtitle bold-font\">Extrait de \"cuisiner en connaissance de cause<\/h4><div class=\"medien-info\"><div class=\"medien-content\"><h3 class=\"medien-title regular-font\">CUISINE<\/h3><p class=\"medien-description light-font\">Les personnes allergiques ne sont pas les seules \u00e0 appr\u00e9cier le concept innovant de l'Aircleaner d'OZONOS : un air frais et un climat int\u00e9rieur hygi\u00e9nique sans virus, bact\u00e9ries, germes ou odeurs.\n\nDans la chambre d'h\u00f4tel ou dans la cuisine, dans la salle de sport ou dans la salle de r\u00e9union. Dans le cabinet m\u00e9dical, au jardin d'enfants, chez le concessionnaire automobile, dans le sauna, dans sa propre cuisine. Les domaines d'application d'OZONOS sont aussi vari\u00e9s qu'universels. Ce n'est pas \u00e9tonnant : apr\u00e8s tout, l'air frais est quelque chose dont nous avons besoin dans tous les domaines de la vie.<\/p><p class=\"medien-button\"><a href=\"https:\/\/ozonos-suisse.ch\/wp-content\/uploads\/2021\/08\/2021-01-KU\u0308CHE-bewusst-kochen.pdf\" target=\"_blank\" class=\"light-font\">Plus de d\u00e9tails<\/a> <\/p><\/div><div class=\"medien-image\"><img loading=\"lazy\" decoding=\"async\" width=\"515\" height=\"654\" src=\"https:\/\/ozonos-suisse.ch\/wp-content\/uploads\/2021\/08\/Bild-Artikel-kueche.png\" class=\"attachment-post-thumbnail size-post-thumbnail wp-post-image\" alt=\"\" srcset=\"https:\/\/ozonos-suisse.ch\/wp-content\/uploads\/2021\/08\/Bild-Artikel-kueche.png 515w, https:\/\/ozonos-suisse.ch\/wp-content\/uploads\/2021\/08\/Bild-Artikel-kueche-236x300.png 236w, https:\/\/ozonos-suisse.ch\/wp-content\/uploads\/2021\/08\/Bild-Artikel-kueche-300x381.png 300w\" sizes=\"auto, (max-width: 515px) 100vw, 515px\" \/><\/div><\/div><\/div><div class=\"medien-single\"><h4 class=\"medien-subtitle bold-font\">Extrait de wohninsider.at<\/h4><div class=\"medien-info\"><div class=\"medien-content\"><h3 class=\"medien-title regular-font\">Wohninsider.at<\/h3><p class=\"medien-description light-font\">Une start-up autrichienne sur la voie rapide. Ce qui a commenc\u00e9 comme une alternative \u00e0 la hotte aspirante est aujourd'hui utilis\u00e9 de diff\u00e9rentes mani\u00e8res. Ce que fait OZONOS \u00e0 l'\u00e9poque de la Corona et comment ce produit polyvalent conquiert d\u00e9sormais d'autres continents. wohninsider s'est entretenu avec le CEO Fredy Scheucher.<\/p><p class=\"medien-button\"><a href=\"https:\/\/ozonos-suisse.ch\/wp-content\/uploads\/2021\/08\/2021-02-Wohninsider.at_.pdf\" target=\"_blank\" class=\"light-font\">Plus de d\u00e9tails<\/a> <\/p><\/div><div class=\"medien-image\"><img loading=\"lazy\" decoding=\"async\" width=\"2560\" height=\"1707\" src=\"https:\/\/ozonos-suisse.ch\/wp-content\/uploads\/2021\/08\/Bild-Artikel-wohninsider-scaled.jpg\" class=\"attachment-post-thumbnail size-post-thumbnail wp-post-image\" alt=\"\" srcset=\"https:\/\/ozonos-suisse.ch\/wp-content\/uploads\/2021\/08\/Bild-Artikel-wohninsider-scaled.jpg 2560w, https:\/\/ozonos-suisse.ch\/wp-content\/uploads\/2021\/08\/Bild-Artikel-wohninsider-300x200.jpg 300w, https:\/\/ozonos-suisse.ch\/wp-content\/uploads\/2021\/08\/Bild-Artikel-wohninsider-1024x683.jpg 1024w, https:\/\/ozonos-suisse.ch\/wp-content\/uploads\/2021\/08\/Bild-Artikel-wohninsider-768x512.jpg 768w, https:\/\/ozonos-suisse.ch\/wp-content\/uploads\/2021\/08\/Bild-Artikel-wohninsider-1536x1024.jpg 1536w, https:\/\/ozonos-suisse.ch\/wp-content\/uploads\/2021\/08\/Bild-Artikel-wohninsider-2048x1365.jpg 2048w, https:\/\/ozonos-suisse.ch\/wp-content\/uploads\/2021\/08\/Bild-Artikel-wohninsider-600x400.jpg 600w\" sizes=\"auto, (max-width: 2560px) 100vw, 2560px\" \/><\/div><\/div><\/div><div class=\"medien-single\"><h4 class=\"medien-subtitle bold-font\">Extrait de fallstaff profi<\/h4><div class=\"medien-info\"><div class=\"medien-content\"><h3 class=\"medien-title regular-font\">Falstaff professionnel<\/h3><p class=\"medien-description light-font\">L'hygi\u00e8ne de l'air int\u00e9rieur est l'un des plus grands d\u00e9fis auxquels sont confront\u00e9s les \u00e9coles, les entreprises et les restaurateurs en p\u00e9riode de crise de la coronellose. Plus d'un an apr\u00e8s, il y a toujours un manque de r\u00e9flexion approfondie sur les diff\u00e9rentes technologies, au d\u00e9triment d'une r\u00e9solution plus rapide de la crise. \"OZONOS\" CEO Fredy Scheucher s'est adress\u00e9 aux minist\u00e8res autrichiens et allemands.<\/p><p class=\"medien-button\"><a href=\"https:\/\/ozonos-suisse.ch\/wp-content\/uploads\/2021\/08\/2021-03-Falstaff-Profi-1.pdf\" target=\"_blank\" class=\"light-font\">Plus de d\u00e9tails<\/a> <\/p><\/div><div class=\"medien-image\"><img loading=\"lazy\" decoding=\"async\" width=\"766\" height=\"705\" src=\"https:\/\/ozonos-suisse.ch\/wp-content\/uploads\/2021\/08\/Bild-Artikel-fallstaff.png\" class=\"attachment-post-thumbnail size-post-thumbnail wp-post-image\" alt=\"\" srcset=\"https:\/\/ozonos-suisse.ch\/wp-content\/uploads\/2021\/08\/Bild-Artikel-fallstaff.png 766w, https:\/\/ozonos-suisse.ch\/wp-content\/uploads\/2021\/08\/Bild-Artikel-fallstaff-300x276.png 300w, https:\/\/ozonos-suisse.ch\/wp-content\/uploads\/2021\/08\/Bild-Artikel-fallstaff-600x552.png 600w\" sizes=\"auto, (max-width: 766px) 100vw, 766px\" \/><\/div><\/div><\/div><\/div>\n\n<\/div><\/div>","protected":false},"excerpt":{"rendered":"<p>Ce que d&rsquo;autres racontentsur notre produit.<\/p>\n","protected":false},"author":1,"featured_media":0,"parent":0,"menu_order":0,"comment_status":"closed","ping_status":"closed","template":"","meta":{"_acf_changed":false,"inline_featured_image":false,"footnotes":""},"class_list":["post-1811","page","type-page","status-publish","hentry"],"acf":[],"_links":{"self":[{"href":"https:\/\/ozonos-suisse.ch\/fr\/wp-json\/wp\/v2\/pages\/1811","targetHints":{"allow":["GET"]}}],"collection":[{"href":"https:\/\/ozonos-suisse.ch\/fr\/wp-json\/wp\/v2\/pages"}],"about":[{"href":"https:\/\/ozonos-suisse.ch\/fr\/wp-json\/wp\/v2\/types\/page"}],"author":[{"embeddable":true,"href":"https:\/\/ozonos-suisse.ch\/fr\/wp-json\/wp\/v2\/users\/1"}],"replies":[{"embeddable":true,"href":"https:\/\/ozonos-suisse.ch\/fr\/wp-json\/wp\/v2\/comments?post=1811"}],"version-history":[{"count":1,"href":"https:\/\/ozonos-suisse.ch\/fr\/wp-json\/wp\/v2\/pages\/1811\/revisions"}],"predecessor-version":[{"id":1812,"href":"https:\/\/ozonos-suisse.ch\/fr\/wp-json\/wp\/v2\/pages\/1811\/revisions\/1812"}],"wp:attachment":[{"href":"https:\/\/ozonos-suisse.ch\/fr\/wp-json\/wp\/v2\/media?parent=1811"}],"curies":[{"name":"wp","href":"https:\/\/api.w.org\/{rel}","templated":true}]}}