{"id":1807,"date":"2024-03-01T00:08:35","date_gmt":"2024-02-29T23:08:35","guid":{"rendered":"https:\/\/ozonos-suisse.ch\/contact\/"},"modified":"2025-05-09T10:27:06","modified_gmt":"2025-05-09T08:27:06","slug":"contact","status":"publish","type":"page","link":"https:\/\/ozonos-suisse.ch\/fr\/contact\/","title":{"rendered":"Contact"},"content":{"rendered":"<div class=\"gb-container gb-container-622ff940\"><div class=\"gb-inside-container\"><\/div><\/div>\n\n<div class=\"gb-container gb-container-fb2402a5\"><div class=\"gb-inside-container\">\n\n<h1 class=\"gb-headline gb-headline-40f8188c gb-headline-text regular-font\">Ici, OZONOS est chez lui<\/h1>\n\n\n\n<hr class=\"wp-block-separator has-text-color has-css-opacity has-background is-style-default no-margin-hr\" style=\"background-color:#5d8eb2;color:#5d8eb2\"\/>\n\n\n\n<p>Vous souhaitez r\u00e9server un rendez-vous, poser une question ou discuter avec nous d&rsquo;une \u00e9ventuelle collaboration ? Notre \u00e9quipe se fera un plaisir de vous aider \u00e0 tout moment &#8211; il vous suffit de prendre contact avec nous !<\/p>\n\n\n<div class=\"gb-grid-wrapper gb-grid-wrapper-a99f51af\">\n<div class=\"gb-grid-column gb-grid-column-d7e2d2f5\"><div class=\"gb-container gb-container-d7e2d2f5\"><div class=\"gb-inside-container\">\n\n<p><span class=\"blue-title\">Adresse<\/span><br>OZONOS Schweiz GmbH<br>Kirchstrasse 5<br>8104 Weiningen<\/p>\n\n<\/div><\/div><\/div>\n\n<div class=\"gb-grid-column gb-grid-column-1dca0152\"><div class=\"gb-container gb-container-1dca0152\"><div class=\"gb-inside-container\">\n[forminator_form id=\u00a0\u00bb1949&Prime;]\n\n<\/div><\/div><\/div>\n<\/div>\n\n\n<div class=\"map-section\">\n<iframe src=\"https:\/\/www.google.com\/maps\/embed?pb=!1m18!1m12!1m3!1d2699.550784244383!2d8.434503315424397!3d47.42070260879468!2m3!1f0!2f0!3f0!3m2!1i1024!2i768!4f13.1!3m3!1m2!1s0x47900c8ce7cd1e45%3A0x7707e0da8f7d85fc!2sOzonos%20Schweiz%20Gmbh!5e0!3m2!1sde!2smk!4v1628166024729!5m2!1sde!2smk\" width=\"100%\" height=\"250\" style=\"border:0;\" allowfullscreen=\"\" loading=\"lazy\"><\/iframe> <\/div>\n\n\n\n<hr class=\"wp-block-separator has-text-color has-css-opacity has-background is-style-default\" style=\"background-color:#5d8eb2;color:#5d8eb2\"\/>\n\n<\/div><\/div>","protected":false},"excerpt":{"rendered":"<p>Ici, OZONOS est chez lui Vous souhaitez r\u00e9server un rendez-vous, poser une question ou discuter avec nous d&rsquo;une \u00e9ventuelle collaboration ? Notre \u00e9quipe se fera un plaisir de vous aider \u00e0 tout moment &#8211; il vous suffit de prendre contact avec nous !<\/p>\n","protected":false},"author":1,"featured_media":0,"parent":0,"menu_order":0,"comment_status":"closed","ping_status":"closed","template":"","meta":{"_acf_changed":false,"inline_featured_image":false,"footnotes":""},"class_list":["post-1807","page","type-page","status-publish"],"acf":[],"_links":{"self":[{"href":"https:\/\/ozonos-suisse.ch\/fr\/wp-json\/wp\/v2\/pages\/1807","targetHints":{"allow":["GET"]}}],"collection":[{"href":"https:\/\/ozonos-suisse.ch\/fr\/wp-json\/wp\/v2\/pages"}],"about":[{"href":"https:\/\/ozonos-suisse.ch\/fr\/wp-json\/wp\/v2\/types\/page"}],"author":[{"embeddable":true,"href":"https:\/\/ozonos-suisse.ch\/fr\/wp-json\/wp\/v2\/users\/1"}],"replies":[{"embeddable":true,"href":"https:\/\/ozonos-suisse.ch\/fr\/wp-json\/wp\/v2\/comments?post=1807"}],"version-history":[{"count":3,"href":"https:\/\/ozonos-suisse.ch\/fr\/wp-json\/wp\/v2\/pages\/1807\/revisions"}],"predecessor-version":[{"id":2075,"href":"https:\/\/ozonos-suisse.ch\/fr\/wp-json\/wp\/v2\/pages\/1807\/revisions\/2075"}],"wp:attachment":[{"href":"https:\/\/ozonos-suisse.ch\/fr\/wp-json\/wp\/v2\/media?parent=1807"}],"curies":[{"name":"wp","href":"https:\/\/api.w.org\/{rel}","templated":true}]}}