{"id":1262,"date":"2021-09-08T13:43:00","date_gmt":"2021-09-08T11:43:00","guid":{"rendered":"https:\/\/ozonos-suisse.ch\/blog\/"},"modified":"2021-09-08T13:43:01","modified_gmt":"2021-09-08T11:43:01","slug":"blog","status":"publish","type":"page","link":"https:\/\/ozonos-suisse.ch\/fr\/blog\/","title":{"rendered":"Blog"},"content":{"rendered":"<div class=\"gb-container gb-container-d577fd9e\"><div class=\"gb-inside-container\"><\/div><\/div><div class=\"gb-container gb-container-8ca1c986 regular-font\"><div class=\"gb-inside-container\">\n\n<h1 class=\"gb-headline gb-headline-1d26a55e gb-headline-text regular-font\">Blog<\/h1>\r\n\n\n\n<hr class=\"wp-block-separator has-text-color has-background\" style=\"background-color:#5d8eb2;color:#5d8eb2\"\/>\n\n\n<div class=\"jc-section\"><div id=\"myBtnContainer\" class=\"blog-categories blog__page__tops\"> <button class=\"btn filter first active\" data-job=\"all\"> Alle<\/button><button class=\"btn filter button2\" data-job=\"blog\">Blog<\/button><\/div><\/div><div class=\"blog-row\"><div class=\"blog-wrapper\"><img loading=\"lazy\" decoding=\"async\" width=\"1080\" height=\"1080\" src=\"https:\/\/ozonos-suisse.ch\/wp-content\/uploads\/2021\/07\/Schule.jpeg\" class=\"attachment-post-thumbnail size-post-thumbnail wp-post-image\" alt=\"\" srcset=\"https:\/\/ozonos-suisse.ch\/wp-content\/uploads\/2021\/07\/Schule.jpeg 1080w, https:\/\/ozonos-suisse.ch\/wp-content\/uploads\/2021\/07\/Schule-300x300.jpeg 300w, https:\/\/ozonos-suisse.ch\/wp-content\/uploads\/2021\/07\/Schule-1024x1024.jpeg 1024w, https:\/\/ozonos-suisse.ch\/wp-content\/uploads\/2021\/07\/Schule-150x150.jpeg 150w, https:\/\/ozonos-suisse.ch\/wp-content\/uploads\/2021\/07\/Schule-768x768.jpeg 768w, https:\/\/ozonos-suisse.ch\/wp-content\/uploads\/2021\/07\/Schule-600x600.jpeg 600w, https:\/\/ozonos-suisse.ch\/wp-content\/uploads\/2021\/07\/Schule-100x100.jpeg 100w\" sizes=\"auto, (max-width: 1080px) 100vw, 1080px\" \/><div class=\"blog-body filterdiv show\"><h4 class=\"blog-title regular-font\">INTERVIEW DE RENATO ZANETTI KID\u00c9AL AG<\/h4><div class=\"blog-desc light-font\">La soci\u00e9t\u00e9 kideal ag g\u00e8re des cr\u00e8ches, pour les enfants de 3 mois \u00e0 15 ans environ, sous les marques \"Chinderstern\" et \"ylaa\" sur environ 25 sites en Suisse al\u00e9manique.<\/div><a class=\"mehr-button\" href=\"https:\/\/ozonos-suisse.ch\/fr\/interview-de-renato-zanetti-kideal-ag\/\"><p class=\"bold-font\">Plus de d\u00e9tails<\/p><\/a><input type=\"hidden\" class=\"term\" value=\"blog\" \/><\/div><\/div><div class=\"blog-wrapper\"><img loading=\"lazy\" decoding=\"async\" width=\"298\" height=\"298\" src=\"https:\/\/ozonos-suisse.ch\/wp-content\/uploads\/2021\/07\/Roland-unterwegs.jpg\" class=\"attachment-post-thumbnail size-post-thumbnail wp-post-image\" alt=\"\" srcset=\"https:\/\/ozonos-suisse.ch\/wp-content\/uploads\/2021\/07\/Roland-unterwegs.jpg 298w, https:\/\/ozonos-suisse.ch\/wp-content\/uploads\/2021\/07\/Roland-unterwegs-150x150.jpg 150w, https:\/\/ozonos-suisse.ch\/wp-content\/uploads\/2021\/07\/Roland-unterwegs-100x100.jpg 100w\" sizes=\"auto, (max-width: 298px) 100vw, 298px\" \/><div class=\"blog-body filterdiv show\"><h4 class=\"blog-title regular-font\">ROLAND TRETTL EN ROUTE<\/h4><div class=\"blog-desc light-font\">Une journ\u00e9e avec ROLAND TRETTL et OZONOS<\/div><a class=\"mehr-button\" href=\"https:\/\/ozonos-suisse.ch\/fr\/roland-trettl-en-route\/\"><p class=\"bold-font\">Plus de d\u00e9tails<\/p><\/a><input type=\"hidden\" class=\"term\" value=\"blog\" \/><\/div><\/div><div class=\"blog-wrapper\"><img loading=\"lazy\" decoding=\"async\" width=\"352\" height=\"349\" src=\"https:\/\/ozonos-suisse.ch\/wp-content\/uploads\/2021\/07\/Xenia-Roland.jpg\" class=\"attachment-post-thumbnail size-post-thumbnail wp-post-image\" alt=\"\" srcset=\"https:\/\/ozonos-suisse.ch\/wp-content\/uploads\/2021\/07\/Xenia-Roland.jpg 352w, https:\/\/ozonos-suisse.ch\/wp-content\/uploads\/2021\/07\/Xenia-Roland-300x297.jpg 300w, https:\/\/ozonos-suisse.ch\/wp-content\/uploads\/2021\/07\/Xenia-Roland-150x150.jpg 150w, https:\/\/ozonos-suisse.ch\/wp-content\/uploads\/2021\/07\/Xenia-Roland-100x100.jpg 100w\" sizes=\"auto, (max-width: 352px) 100vw, 352px\" \/><div class=\"blog-body filterdiv show\"><h4 class=\"blog-title regular-font\">TABLE DE CUISSON \u00c0 INDUCTION XENIA SLIMLINE<\/h4><div class=\"blog-desc light-font\">La toute nouvelle table de cuisson OZONOS\u00ae, baptis\u00e9e XENIA SLIMLINE 4.80, r\u00e9volutionne, avec ses fr\u00e8res et s\u0153urs, l'ensemble du secteur.<\/div><a class=\"mehr-button\" href=\"https:\/\/ozonos-suisse.ch\/fr\/table-de-cuisson-a-induction-xenia-slimline\/\"><p class=\"bold-font\">Plus de d\u00e9tails<\/p><\/a><input type=\"hidden\" class=\"term\" value=\"blog\" \/><\/div><\/div><div class=\"blog-wrapper\"><img loading=\"lazy\" decoding=\"async\" width=\"1024\" height=\"1024\" src=\"https:\/\/ozonos-suisse.ch\/wp-content\/uploads\/2022\/11\/Design-ohne-Titel-34.png\" class=\"attachment-post-thumbnail size-post-thumbnail wp-post-image\" alt=\"\" srcset=\"https:\/\/ozonos-suisse.ch\/wp-content\/uploads\/2022\/11\/Design-ohne-Titel-34.png 1024w, https:\/\/ozonos-suisse.ch\/wp-content\/uploads\/2022\/11\/Design-ohne-Titel-34-300x300.png 300w, https:\/\/ozonos-suisse.ch\/wp-content\/uploads\/2022\/11\/Design-ohne-Titel-34-150x150.png 150w, https:\/\/ozonos-suisse.ch\/wp-content\/uploads\/2022\/11\/Design-ohne-Titel-34-768x768.png 768w, https:\/\/ozonos-suisse.ch\/wp-content\/uploads\/2022\/11\/Design-ohne-Titel-34-600x600.png 600w, https:\/\/ozonos-suisse.ch\/wp-content\/uploads\/2022\/11\/Design-ohne-Titel-34-100x100.png 100w\" sizes=\"auto, (max-width: 1024px) 100vw, 1024px\" \/><div class=\"blog-body filterdiv show\"><h4 class=\"blog-title regular-font\">TABLE DE CUISSON \u00c0 INDUCTION KALISTA MULDENL\u00dcFTER<\/h4><div class=\"blog-desc light-font\">La toute nouvelle table de cuisson OZONOS\u00ae, baptis\u00e9e KALISTA MULDENL\u00dcFTER 5.80, r\u00e9volutionne, avec ses fr\u00e8res et s\u0153urs, l'ensemble du secteur.<\/div><a class=\"mehr-button\" href=\"https:\/\/ozonos-suisse.ch\/fr\/table-de-cuisson-a-induction-kalista-muldenluefter\/\"><p class=\"bold-font\">Plus de d\u00e9tails<\/p><\/a><input type=\"hidden\" class=\"term\" value=\"blog\" \/><\/div><\/div><\/div>\n\n<\/div><\/div>","protected":false},"excerpt":{"rendered":"<p>Blog<\/p>\n","protected":false},"author":1,"featured_media":0,"parent":0,"menu_order":0,"comment_status":"closed","ping_status":"closed","template":"","meta":{"_acf_changed":false,"inline_featured_image":false,"footnotes":""},"class_list":["post-1262","page","type-page","status-publish","hentry"],"acf":[],"_links":{"self":[{"href":"https:\/\/ozonos-suisse.ch\/fr\/wp-json\/wp\/v2\/pages\/1262","targetHints":{"allow":["GET"]}}],"collection":[{"href":"https:\/\/ozonos-suisse.ch\/fr\/wp-json\/wp\/v2\/pages"}],"about":[{"href":"https:\/\/ozonos-suisse.ch\/fr\/wp-json\/wp\/v2\/types\/page"}],"author":[{"embeddable":true,"href":"https:\/\/ozonos-suisse.ch\/fr\/wp-json\/wp\/v2\/users\/1"}],"replies":[{"embeddable":true,"href":"https:\/\/ozonos-suisse.ch\/fr\/wp-json\/wp\/v2\/comments?post=1262"}],"version-history":[{"count":1,"href":"https:\/\/ozonos-suisse.ch\/fr\/wp-json\/wp\/v2\/pages\/1262\/revisions"}],"predecessor-version":[{"id":1263,"href":"https:\/\/ozonos-suisse.ch\/fr\/wp-json\/wp\/v2\/pages\/1262\/revisions\/1263"}],"wp:attachment":[{"href":"https:\/\/ozonos-suisse.ch\/fr\/wp-json\/wp\/v2\/media?parent=1262"}],"curies":[{"name":"wp","href":"https:\/\/api.w.org\/{rel}","templated":true}]}}